{"id":988,"date":"2024-11-09T14:17:46","date_gmt":"2024-11-09T13:17:46","guid":{"rendered":"https:\/\/recantoubize.fr\/Wordpress\/?page_id=988"},"modified":"2024-11-09T15:14:34","modified_gmt":"2024-11-09T14:14:34","slug":"tennis","status":"publish","type":"page","link":"https:\/\/recantoubize.fr\/Wordpress\/tennis\/","title":{"rendered":"Tennis"},"content":{"rendered":"\t\t<div data-elementor-type=\"wp-page\" data-elementor-id=\"988\" class=\"elementor elementor-988\">\n\t\t\t\t\t\t<section class=\"elementor-section elementor-top-section elementor-element elementor-element-610f3af0 elementor-section-boxed elementor-section-height-default elementor-section-height-default wpr-particle-no wpr-jarallax-no wpr-parallax-no wpr-sticky-section-no\" data-id=\"610f3af0\" data-element_type=\"section\" data-e-type=\"section\" data-settings=\"{&quot;background_background&quot;:&quot;classic&quot;}\">\n\t\t\t\t\t\t\t<div class=\"elementor-background-overlay\"><\/div>\n\t\t\t\t\t\t\t<div class=\"elementor-container elementor-column-gap-default\">\n\t\t\t\t\t<div class=\"elementor-column elementor-col-100 elementor-top-column elementor-element elementor-element-31c81389\" data-id=\"31c81389\" data-element_type=\"column\" data-e-type=\"column\">\n\t\t\t<div class=\"elementor-widget-wrap elementor-element-populated\">\n\t\t\t\t\t\t<div class=\"elementor-element elementor-element-5a25c251 elementor-widget elementor-widget-heading\" data-id=\"5a25c251\" data-element_type=\"widget\" data-e-type=\"widget\" data-widget_type=\"heading.default\">\n\t\t\t\t<div class=\"elementor-widget-container\">\n\t\t\t\t\t<h2 class=\"elementor-heading-title elementor-size-default\">Tennis<\/h2>\t\t\t\t<\/div>\n\t\t\t\t<\/div>\n\t\t\t\t\t<\/div>\n\t\t<\/div>\n\t\t\t\t\t<\/div>\n\t\t<\/section>\n\t\t\t\t<section class=\"elementor-section elementor-top-section elementor-element elementor-element-8c32a20 elementor-section-boxed elementor-section-height-default elementor-section-height-default wpr-particle-no wpr-jarallax-no wpr-parallax-no wpr-sticky-section-no\" data-id=\"8c32a20\" data-element_type=\"section\" data-e-type=\"section\">\n\t\t\t\t\t\t\t<div class=\"elementor-background-overlay\"><\/div>\n\t\t\t\t\t\t\t<div class=\"elementor-container elementor-column-gap-default\">\n\t\t\t\t\t<div class=\"elementor-column elementor-col-100 elementor-top-column elementor-element elementor-element-4a7168d\" data-id=\"4a7168d\" data-element_type=\"column\" data-e-type=\"column\">\n\t\t\t<div class=\"elementor-widget-wrap elementor-element-populated\">\n\t\t\t\t\t\t<div class=\"elementor-element elementor-element-3c6be1f elementor-widget elementor-widget-heading\" data-id=\"3c6be1f\" data-element_type=\"widget\" data-e-type=\"widget\" data-widget_type=\"heading.default\">\n\t\t\t\t<div class=\"elementor-widget-container\">\n\t\t\t\t\t<h2 class=\"elementor-heading-title elementor-size-default\">Le Tennis<\/h2>\t\t\t\t<\/div>\n\t\t\t\t<\/div>\n\t\t\t\t<div class=\"elementor-element elementor-element-362dd32 elementor-widget elementor-widget-spacer\" data-id=\"362dd32\" data-element_type=\"widget\" data-e-type=\"widget\" data-widget_type=\"spacer.default\">\n\t\t\t\t<div class=\"elementor-widget-container\">\n\t\t\t\t\t\t\t<div class=\"elementor-spacer\">\n\t\t\t<div class=\"elementor-spacer-inner\"><\/div>\n\t\t<\/div>\n\t\t\t\t\t\t<\/div>\n\t\t\t\t<\/div>\n\t\t\t\t<div class=\"elementor-element elementor-element-5a24584 elementor-widget elementor-widget-text-editor\" data-id=\"5a24584\" data-element_type=\"widget\" data-e-type=\"widget\" data-widget_type=\"text-editor.default\">\n\t\t\t\t<div class=\"elementor-widget-container\">\n\t\t\t\t\t\t\t\t\t<p>Depuis no\u00ebl 1873, le major Walter Clopton Wingfield, retrait\u00e9 de l\u2019arm\u00e9e des Indes, pratiquait dans sa r\u00e9sidence de Londres un jeu de balle et de raquette sur sa pelouse. Son loisir est un m\u00e9lange des \u00e9l\u00e9ments les plus int\u00e9ressants du Jeu de paume et du jeu de racket. La v\u00e9ritable histoire du tennis commence le 23 f\u00e9vrier 1874. Ce jour l\u00e0, le major Walter Clopton Wingfield fait breveter, \u00e0 la chambre des m\u00e9tiers de Londres, un nouveau jeu de Court Paume vendu d\u2019abord sous le nom de Sphairistik\u00e9 (mot grec signifiant \u00ab\u00a0art de la balle\u00a0\u00bb) puis, en 1877, sous le nom de Lawn-Tennis (Jeu de Paume sur gazon, en anglais).<\/p>\t\t\t\t\t\t\t\t<\/div>\n\t\t\t\t<\/div>\n\t\t\t\t\t<\/div>\n\t\t<\/div>\n\t\t\t\t\t<\/div>\n\t\t<\/section>\n\t\t\t\t<section class=\"elementor-section elementor-top-section elementor-element elementor-element-4fc6768e elementor-section-boxed elementor-section-height-default elementor-section-height-default wpr-particle-no wpr-jarallax-no wpr-parallax-no wpr-sticky-section-no\" data-id=\"4fc6768e\" data-element_type=\"section\" data-e-type=\"section\">\n\t\t\t\t\t\t<div class=\"elementor-container elementor-column-gap-wide\">\n\t\t\t\t\t<div class=\"elementor-column elementor-col-50 elementor-top-column elementor-element elementor-element-5de54f3f\" data-id=\"5de54f3f\" data-element_type=\"column\" data-e-type=\"column\">\n\t\t\t<div class=\"elementor-widget-wrap elementor-element-populated\">\n\t\t\t\t\t\t<div class=\"elementor-element elementor-element-32d6d768 elementor-widget elementor-widget-image\" data-id=\"32d6d768\" data-element_type=\"widget\" data-e-type=\"widget\" data-widget_type=\"image.default\">\n\t\t\t\t<div class=\"elementor-widget-container\">\n\t\t\t\t\t\t\t\t\t\t\t\t\t\t\t<img fetchpriority=\"high\" decoding=\"async\" width=\"800\" height=\"533\" src=\"https:\/\/recantoubize.fr\/Wordpress\/wp-content\/uploads\/2024\/11\/Tennis-2.jpg\" class=\"attachment-full size-full wp-image-990\" alt=\"\" srcset=\"https:\/\/recantoubize.fr\/Wordpress\/wp-content\/uploads\/2024\/11\/Tennis-2.jpg 800w, https:\/\/recantoubize.fr\/Wordpress\/wp-content\/uploads\/2024\/11\/Tennis-2-300x200.jpg 300w, https:\/\/recantoubize.fr\/Wordpress\/wp-content\/uploads\/2024\/11\/Tennis-2-768x512.jpg 768w\" sizes=\"(max-width: 800px) 100vw, 800px\" \/>\t\t\t\t\t\t\t\t\t\t\t\t\t\t\t<\/div>\n\t\t\t\t<\/div>\n\t\t\t\t\t<\/div>\n\t\t<\/div>\n\t\t\t\t<div class=\"elementor-column elementor-col-50 elementor-top-column elementor-element elementor-element-2f9b8842\" data-id=\"2f9b8842\" data-element_type=\"column\" data-e-type=\"column\">\n\t\t\t<div class=\"elementor-widget-wrap elementor-element-populated\">\n\t\t\t\t\t\t<div class=\"elementor-element elementor-element-6914558e elementor-widget elementor-widget-heading\" data-id=\"6914558e\" data-element_type=\"widget\" data-e-type=\"widget\" data-widget_type=\"heading.default\">\n\t\t\t\t<div class=\"elementor-widget-container\">\n\t\t\t\t\t<h2 class=\"elementor-heading-title elementor-size-default\">Pratique<\/h2>\t\t\t\t<\/div>\n\t\t\t\t<\/div>\n\t\t\t\t<div class=\"elementor-element elementor-element-aae2e65 elementor-widget elementor-widget-spacer\" data-id=\"aae2e65\" data-element_type=\"widget\" data-e-type=\"widget\" data-widget_type=\"spacer.default\">\n\t\t\t\t<div class=\"elementor-widget-container\">\n\t\t\t\t\t\t\t<div class=\"elementor-spacer\">\n\t\t\t<div class=\"elementor-spacer-inner\"><\/div>\n\t\t<\/div>\n\t\t\t\t\t\t<\/div>\n\t\t\t\t<\/div>\n\t\t\t\t<div class=\"elementor-element elementor-element-267478ad elementor-widget elementor-widget-text-editor\" data-id=\"267478ad\" data-element_type=\"widget\" data-e-type=\"widget\" data-widget_type=\"text-editor.default\">\n\t\t\t\t<div class=\"elementor-widget-container\">\n\t\t\t\t\t\t\t\t\t<p>Si vous souhaiez, \u00e0 l&rsquo;instar du Ping-Pong :<br \/>-un peu de convivialit\u00e9,<br \/>-passer un moment agr\u00e9able tout en progresssant &#8230;.\u00a0\u00bbun peu\u00a0\u00bb avec de nouveaux partenaires de jeu<br \/>Venez nous rejoindre les jeudis de 10h \u00e0 11h30 au terrain de Bize (\u00e0 cot\u00e9 ancien camping) De nouveaux horaires pourront \u00eatre propos\u00e9s pour accueillir des personnes qui ont les contraintes des heures de travail.<\/p>\t\t\t\t\t\t\t\t<\/div>\n\t\t\t\t<\/div>\n\t\t\t\t<div class=\"elementor-element elementor-element-73ec64f1 elementor-widget elementor-widget-text-editor\" data-id=\"73ec64f1\" data-element_type=\"widget\" data-e-type=\"widget\" data-widget_type=\"text-editor.default\">\n\t\t\t\t<div class=\"elementor-widget-container\">\n\t\t\t\t\t\t\t\t\t<p>Responsable (s): Bernard MAZARD\u00a0<a href=\"mailto:bernardmazard@orange.fr\">\u00a0\u00a0Mail<\/a><br \/>\u00a0\u00a0\u00a0\u00a0\u00a0\u00a0\u00a0\u00a0\u00a0\u00a0\u00a0\u00a0\u00a0\u00a0\u00a0\u00a0\u00a0\u00a0\u00a0\u00a0\u00a0\u00a0\u00a0\u00a0\u00a0\u00a0\u00a0\u00a0\u00a0Andr\u00e9 MARTINEZ\u00a0<a href=\"mailto:andregmsmartin@hotmail.fr\">\u00a0\u00a0Mail<\/a><\/p>\t\t\t\t\t\t\t\t<\/div>\n\t\t\t\t<\/div>\n\t\t\t\t\t<\/div>\n\t\t<\/div>\n\t\t\t\t\t<\/div>\n\t\t<\/section>\n\t\t\t\t<\/div>\n\t\t","protected":false},"excerpt":{"rendered":"<p>Tennis Le Tennis Depuis no\u00ebl 1873, le major Walter Clopton Wingfield, retrait\u00e9 de l\u2019arm\u00e9e des Indes, pratiquait dans sa r\u00e9sidence de Londres un jeu de balle et de raquette sur sa pelouse. Son loisir est un m\u00e9lange des \u00e9l\u00e9ments les plus int\u00e9ressants du Jeu de paume et du jeu de racket. La v\u00e9ritable histoire du tennis commence le 23 f\u00e9vrier 1874. Ce jour l\u00e0, le major Walter Clopton Wingfield fait breveter, \u00e0 la chambre des m\u00e9tiers de Londres, un nouveau jeu de Court Paume vendu d\u2019abord sous le nom de Sphairistik\u00e9 (mot grec signifiant \u00ab\u00a0art de la balle\u00a0\u00bb) puis, en 1877, sous le nom de Lawn-Tennis (Jeu de Paume sur gazon, en anglais). Pratique Si vous souhaiez, \u00e0 l&rsquo;instar du Ping-Pong :-un peu de convivialit\u00e9,-passer un moment agr\u00e9able tout en progresssant &#8230;.\u00a0\u00bbun peu\u00a0\u00bb avec de nouveaux partenaires de jeuVenez nous rejoindre les jeudis de 10h \u00e0 11h30 au terrain de Bize (\u00e0 cot\u00e9 ancien camping) De nouveaux horaires pourront \u00eatre propos\u00e9s pour accueillir des personnes qui ont les contraintes des heures de travail. Responsable (s): Bernard MAZARD\u00a0\u00a0\u00a0Mail\u00a0\u00a0\u00a0\u00a0\u00a0\u00a0\u00a0\u00a0\u00a0\u00a0\u00a0\u00a0\u00a0\u00a0\u00a0\u00a0\u00a0\u00a0\u00a0\u00a0\u00a0\u00a0\u00a0\u00a0\u00a0\u00a0\u00a0\u00a0\u00a0Andr\u00e9 MARTINEZ\u00a0\u00a0\u00a0Mail<\/p>\n","protected":false},"author":2,"featured_media":0,"parent":0,"menu_order":0,"comment_status":"closed","ping_status":"closed","template":"elementor_canvas","meta":{"_uag_custom_page_level_css":"","footnotes":""},"class_list":["post-988","page","type-page","status-publish","hentry"],"uagb_featured_image_src":{"full":false,"thumbnail":false,"medium":false,"medium_large":false,"large":false,"1536x1536":false,"2048x2048":false},"uagb_author_info":{"display_name":"Olivier De Winne","author_link":"https:\/\/recantoubize.fr\/Wordpress\/author\/olivier\/"},"uagb_comment_info":0,"uagb_excerpt":"Tennis Le Tennis Depuis no\u00ebl 1873, le major Walter Clopton Wingfield, retrait\u00e9 de l\u2019arm\u00e9e des Indes, pratiquait dans sa r\u00e9sidence de Londres un jeu de balle et de raquette sur sa pelouse. Son loisir est un m\u00e9lange des \u00e9l\u00e9ments les plus int\u00e9ressants du Jeu de paume et du jeu de racket. La v\u00e9ritable histoire du\u2026","_links":{"self":[{"href":"https:\/\/recantoubize.fr\/Wordpress\/wp-json\/wp\/v2\/pages\/988","targetHints":{"allow":["GET"]}}],"collection":[{"href":"https:\/\/recantoubize.fr\/Wordpress\/wp-json\/wp\/v2\/pages"}],"about":[{"href":"https:\/\/recantoubize.fr\/Wordpress\/wp-json\/wp\/v2\/types\/page"}],"author":[{"embeddable":true,"href":"https:\/\/recantoubize.fr\/Wordpress\/wp-json\/wp\/v2\/users\/2"}],"replies":[{"embeddable":true,"href":"https:\/\/recantoubize.fr\/Wordpress\/wp-json\/wp\/v2\/comments?post=988"}],"version-history":[{"count":7,"href":"https:\/\/recantoubize.fr\/Wordpress\/wp-json\/wp\/v2\/pages\/988\/revisions"}],"predecessor-version":[{"id":1045,"href":"https:\/\/recantoubize.fr\/Wordpress\/wp-json\/wp\/v2\/pages\/988\/revisions\/1045"}],"wp:attachment":[{"href":"https:\/\/recantoubize.fr\/Wordpress\/wp-json\/wp\/v2\/media?parent=988"}],"curies":[{"name":"wp","href":"https:\/\/api.w.org\/{rel}","templated":true}]}}