{"id":928,"date":"2024-11-08T17:07:24","date_gmt":"2024-11-08T16:07:24","guid":{"rendered":"https:\/\/recantoubize.fr\/Wordpress\/?page_id=928"},"modified":"2025-10-03T14:45:09","modified_gmt":"2025-10-03T12:45:09","slug":"semaine","status":"publish","type":"page","link":"https:\/\/recantoubize.fr\/Wordpress\/semaine\/","title":{"rendered":"Semaine"},"content":{"rendered":"\t\t<div data-elementor-type=\"wp-page\" data-elementor-id=\"928\" class=\"elementor elementor-928\">\n\t\t\t\t\t\t<section class=\"elementor-section elementor-top-section elementor-element elementor-element-6ce8e1ef elementor-section-boxed elementor-section-height-default elementor-section-height-default wpr-particle-no wpr-jarallax-no wpr-parallax-no wpr-sticky-section-no\" data-id=\"6ce8e1ef\" data-element_type=\"section\" data-e-type=\"section\" data-settings=\"{&quot;background_background&quot;:&quot;classic&quot;}\">\n\t\t\t\t\t\t\t<div class=\"elementor-background-overlay\"><\/div>\n\t\t\t\t\t\t\t<div class=\"elementor-container elementor-column-gap-default\">\n\t\t\t\t\t<div class=\"elementor-column elementor-col-100 elementor-top-column elementor-element elementor-element-198ff299\" data-id=\"198ff299\" data-element_type=\"column\" data-e-type=\"column\">\n\t\t\t<div class=\"elementor-widget-wrap elementor-element-populated\">\n\t\t\t\t\t\t<div class=\"elementor-element elementor-element-3cdacbf6 e-transform elementor-widget elementor-widget-heading\" data-id=\"3cdacbf6\" data-element_type=\"widget\" data-e-type=\"widget\" data-settings=\"{&quot;_transform_rotateZ_effect&quot;:{&quot;unit&quot;:&quot;px&quot;,&quot;size&quot;:&quot;&quot;,&quot;sizes&quot;:[]},&quot;_transform_rotateZ_effect_laptop&quot;:{&quot;unit&quot;:&quot;deg&quot;,&quot;size&quot;:&quot;&quot;,&quot;sizes&quot;:[]},&quot;_transform_rotateZ_effect_tablet&quot;:{&quot;unit&quot;:&quot;deg&quot;,&quot;size&quot;:&quot;&quot;,&quot;sizes&quot;:[]},&quot;_transform_rotateZ_effect_mobile&quot;:{&quot;unit&quot;:&quot;deg&quot;,&quot;size&quot;:&quot;&quot;,&quot;sizes&quot;:[]}}\" data-widget_type=\"heading.default\">\n\t\t\t\t<div class=\"elementor-widget-container\">\n\t\t\t\t\t<h2 class=\"elementor-heading-title elementor-size-default\">Programme de la semaine<\/h2>\t\t\t\t<\/div>\n\t\t\t\t<\/div>\n\t\t\t\t\t<\/div>\n\t\t<\/div>\n\t\t\t\t\t<\/div>\n\t\t<\/section>\n\t\t\t\t<section class=\"elementor-section elementor-top-section elementor-element elementor-element-622bd44f elementor-section-boxed elementor-section-height-default elementor-section-height-default wpr-particle-no wpr-jarallax-no wpr-parallax-no wpr-sticky-section-no\" data-id=\"622bd44f\" data-element_type=\"section\" data-e-type=\"section\">\n\t\t\t\t\t\t<div class=\"elementor-container elementor-column-gap-default\">\n\t\t\t\t\t<div class=\"elementor-column elementor-col-100 elementor-top-column elementor-element elementor-element-262a9619\" data-id=\"262a9619\" data-element_type=\"column\" data-e-type=\"column\">\n\t\t\t<div class=\"elementor-widget-wrap elementor-element-populated\">\n\t\t\t\t\t\t<div class=\"elementor-element elementor-element-1349772 wpr-list-style-none elementor-widget elementor-widget-wpr-posts-timeline\" data-id=\"1349772\" data-element_type=\"widget\" data-e-type=\"widget\" data-settings=\"{&quot;swiper_speed&quot;:500}\" data-widget_type=\"wpr-posts-timeline.default\">\n\t\t\t\t<div class=\"elementor-widget-container\">\n\t\t\t\t\t<div class=\"wpr-timeline-outer-container\"><div class=\"wpr-wrapper swiper wpr-horizontal\" dir=\"\" data-slidestoshow = \"3\" data-autoplay=\"\" data-loop=\"\" data-swiper-speed=\"500\" data-swiper-delay=\"0\" data-swiper-poh=\"\" data-swiper-space-between=\"5\"><div class=\"swiper-wrapper wpr-horizontal-timeline\"><div class=\"swiper-slide swiper-slide-line-bottom no elementor-repeater-item-656b9c2\"><div class=\"wpr-extra-label\" ><span class=\"wpr-label\" >Lundi<\/span><span class=\"wpr-sub-label\" >Photo \/ Ping-Pong<\/span><\/div><div class=\"wpr-main-line-icon wpr-icon\"><svg aria-hidden=\"true\" class=\"e-font-icon-svg e-far-comments\" viewBox=\"0 0 576 512\" xmlns=\"http:\/\/www.w3.org\/2000\/svg\"><path d=\"M532 386.2c27.5-27.1 44-61.1 44-98.2 0-80-76.5-146.1-176.2-157.9C368.3 72.5 294.3 32 208 32 93.1 32 0 103.6 0 192c0 37 16.5 71 44 98.2-15.3 30.7-37.3 54.5-37.7 54.9-6.3 6.7-8.1 16.5-4.4 25 3.6 8.5 12 14 21.2 14 53.5 0 96.7-20.2 125.2-38.8 9.2 2.1 18.7 3.7 28.4 4.9C208.1 407.6 281.8 448 368 448c20.8 0 40.8-2.4 59.8-6.8C456.3 459.7 499.4 480 553 480c9.2 0 17.5-5.5 21.2-14 3.6-8.5 1.9-18.3-4.4-25-.4-.3-22.5-24.1-37.8-54.8zm-392.8-92.3L122.1 305c-14.1 9.1-28.5 16.3-43.1 21.4 2.7-4.7 5.4-9.7 8-14.8l15.5-31.1L77.7 256C64.2 242.6 48 220.7 48 192c0-60.7 73.3-112 160-112s160 51.3 160 112-73.3 112-160 112c-16.5 0-33-1.9-49-5.6l-19.8-4.5zM498.3 352l-24.7 24.4 15.5 31.1c2.6 5.1 5.3 10.1 8 14.8-14.6-5.1-29-12.3-43.1-21.4l-17.1-11.1-19.9 4.6c-16 3.7-32.5 5.6-49 5.6-54 0-102.2-20.1-131.3-49.7C338 339.5 416 272.9 416 192c0-3.4-.4-6.7-.7-10C479.7 196.5 528 238.8 528 288c0 28.7-16.2 50.6-29.7 64z\"><\/path><\/svg><\/div><div class=\"wpr-story-info \"><div class=\"wpr-timeline-content-wrapper\"><div class=\"wpr-title-wrap\"><span class=\"wpr-title\">Activit\u00e9s<\/span><\/div><div class=\"wpr-description\"><div class=\"elementor-element elementor-element-3ff288b elementor-position-top elementor-widget elementor-widget-image-box\" data-id=\"3ff288b\" data-element_type=\"widget\" data-widget_type=\"image-box.default\"><div class=\"elementor-widget-container\"><div class=\"elementor-image-box-wrapper\"><div class=\"elementor-image-box-content\"><p class=\"elementor-image-box-description\">PHOTO : Lundi 17h au R\u00e9cantou<\/p><p class=\"elementor-image-box-description\">PING-PONG : Lundi\u00a0 19 \u00e0 21h Salle des f\u00eates<\/p><p class=\"elementor-image-box-description\">\u00a0<\/p><\/div><\/div><\/div><\/div><div class=\"elementor-element elementor-element-db1d8e3 elementor-widget-divider--view-line elementor-widget elementor-widget-divider\" data-id=\"db1d8e3\" data-element_type=\"widget\" data-widget_type=\"divider.default\"><div>\u00a0<\/div><\/div><\/div><\/div><\/div><\/div><div class=\"swiper-slide swiper-slide-line-bottom no elementor-repeater-item-c299ee8\"><div class=\"wpr-extra-label\" ><span class=\"wpr-label\" >Mardi<\/span><span class=\"wpr-sub-label\" >Dict\u00e9e \/ Marche \/ Chorale<\/span><\/div><div class=\"wpr-main-line-icon wpr-icon\"><svg aria-hidden=\"true\" class=\"e-font-icon-svg e-far-comments\" viewBox=\"0 0 576 512\" xmlns=\"http:\/\/www.w3.org\/2000\/svg\"><path d=\"M532 386.2c27.5-27.1 44-61.1 44-98.2 0-80-76.5-146.1-176.2-157.9C368.3 72.5 294.3 32 208 32 93.1 32 0 103.6 0 192c0 37 16.5 71 44 98.2-15.3 30.7-37.3 54.5-37.7 54.9-6.3 6.7-8.1 16.5-4.4 25 3.6 8.5 12 14 21.2 14 53.5 0 96.7-20.2 125.2-38.8 9.2 2.1 18.7 3.7 28.4 4.9C208.1 407.6 281.8 448 368 448c20.8 0 40.8-2.4 59.8-6.8C456.3 459.7 499.4 480 553 480c9.2 0 17.5-5.5 21.2-14 3.6-8.5 1.9-18.3-4.4-25-.4-.3-22.5-24.1-37.8-54.8zm-392.8-92.3L122.1 305c-14.1 9.1-28.5 16.3-43.1 21.4 2.7-4.7 5.4-9.7 8-14.8l15.5-31.1L77.7 256C64.2 242.6 48 220.7 48 192c0-60.7 73.3-112 160-112s160 51.3 160 112-73.3 112-160 112c-16.5 0-33-1.9-49-5.6l-19.8-4.5zM498.3 352l-24.7 24.4 15.5 31.1c2.6 5.1 5.3 10.1 8 14.8-14.6-5.1-29-12.3-43.1-21.4l-17.1-11.1-19.9 4.6c-16 3.7-32.5 5.6-49 5.6-54 0-102.2-20.1-131.3-49.7C338 339.5 416 272.9 416 192c0-3.4-.4-6.7-.7-10C479.7 196.5 528 238.8 528 288c0 28.7-16.2 50.6-29.7 64z\"><\/path><\/svg><\/div><div class=\"wpr-story-info \"><div class=\"wpr-timeline-content-wrapper\"><div class=\"wpr-title-wrap\"><span class=\"wpr-title\">Activit\u00e9s<\/span><\/div><div class=\"wpr-description\"><div class=\"elementor-element elementor-element-3ff288b elementor-position-top elementor-widget elementor-widget-image-box\" data-id=\"3ff288b\" data-element_type=\"widget\" data-widget_type=\"image-box.default\"><div class=\"elementor-widget-container\"><div class=\"elementor-image-box-wrapper\"><div class=\"elementor-image-box-content\"><p class=\"elementor-image-box-description\">Mardi 9h ou 14h (suivant la saison) Marche Rendez-vous au forail<\/p><p class=\"elementor-image-box-description\">Mardi 10h30-Dict\u00e9e 1er mardi du mois Rendez-vous au Local<\/p><\/div><\/div><\/div><\/div><div class=\"elementor-element elementor-element-db1d8e3 elementor-widget-divider--view-line elementor-widget elementor-widget-divider\" data-id=\"db1d8e3\" data-element_type=\"widget\" data-widget_type=\"divider.default\"><div>Mardi 18h15 Chorale Rendez-vous \u00e0 la MJC<\/div><\/div><\/div><\/div><\/div><\/div><div class=\"swiper-slide swiper-slide-line-bottom no elementor-repeater-item-f466f27\"><div class=\"wpr-extra-label\" ><span class=\"wpr-label\" >Mercredi<\/span><span class=\"wpr-sub-label\" >Permanence \/ Autour du fil \/ Scabble \/ jeux de soci\u00e9t\u00e9 <\/span><\/div><div class=\"wpr-main-line-icon wpr-icon\"><svg aria-hidden=\"true\" class=\"e-font-icon-svg e-fas-chess\" viewBox=\"0 0 512 512\" xmlns=\"http:\/\/www.w3.org\/2000\/svg\"><path d=\"M74 208H64a16 16 0 0 0-16 16v16a16 16 0 0 0 16 16h15.94A535.78 535.78 0 0 1 64 384h128a535.78 535.78 0 0 1-15.94-128H192a16 16 0 0 0 16-16v-16a16 16 0 0 0-16-16h-10l33.89-90.38a16 16 0 0 0-15-21.62H144V64h24a8 8 0 0 0 8-8V40a8 8 0 0 0-8-8h-24V8a8 8 0 0 0-8-8h-16a8 8 0 0 0-8 8v24H88a8 8 0 0 0-8 8v16a8 8 0 0 0 8 8h24v32H55.09a16 16 0 0 0-15 21.62zm173.16 251.58L224 448v-16a16 16 0 0 0-16-16H48a16 16 0 0 0-16 16v16L8.85 459.58A16 16 0 0 0 0 473.89V496a16 16 0 0 0 16 16h224a16 16 0 0 0 16-16v-22.11a16 16 0 0 0-8.84-14.31zm92.77-157.78l-3.29 82.2h126.72l-3.29-82.21 24.6-20.79A32 32 0 0 0 496 256.54V198a6 6 0 0 0-6-6h-26.38a6 6 0 0 0-6 6v26h-24.71v-26a6 6 0 0 0-6-6H373.1a6 6 0 0 0-6 6v26h-24.71v-26a6 6 0 0 0-6-6H310a6 6 0 0 0-6 6v58.6a32 32 0 0 0 11.36 24.4zM384 304a16 16 0 0 1 32 0v32h-32zm119.16 155.58L480 448v-16a16 16 0 0 0-16-16H336a16 16 0 0 0-16 16v16l-23.15 11.58a16 16 0 0 0-8.85 14.31V496a16 16 0 0 0 16 16h192a16 16 0 0 0 16-16v-22.11a16 16 0 0 0-8.84-14.31z\"><\/path><\/svg><\/div><div class=\"wpr-story-info \"><div class=\"wpr-timeline-content-wrapper\"><div class=\"wpr-title-wrap\"><span class=\"wpr-title\">Activit\u00e9s<\/span><\/div><div class=\"wpr-description\"><div class=\"elementor-element elementor-element-3ff288b elementor-position-top elementor-widget elementor-widget-image-box\" data-id=\"3ff288b\" data-element_type=\"widget\" data-widget_type=\"image-box.default\"><div class=\"elementor-widget-container\"><div class=\"elementor-image-box-wrapper\"><div class=\"elementor-image-box-content\"><p class=\"elementor-image-box-description\">Mercredi 10h \u00e0 11h30 Permanence au local<\/p><p class=\"elementor-image-box-description\">Mercredi Autour du fil et jeux de soci\u00e9t\u00e9 au local<\/p><p>Mercredi 14H00 Scrabble au local<\/p><\/div><\/div><\/div><\/div><\/div><\/div><\/div><\/div><div class=\"swiper-slide swiper-slide-line-bottom no elementor-repeater-item-bb64f65\"><div class=\"wpr-extra-label\" ><span class=\"wpr-label\" >Mercredi<\/span><span class=\"wpr-sub-label\" >Ping-Pong<\/span><\/div><div class=\"wpr-main-line-icon wpr-icon\"><svg aria-hidden=\"true\" class=\"e-font-icon-svg e-fas-table-tennis\" viewBox=\"0 0 512 512\" xmlns=\"http:\/\/www.w3.org\/2000\/svg\"><path d=\"M496.2 296.5C527.7 218.7 512 126.2 449 63.1 365.1-21 229-21 145.1 63.1l-56 56.1 211.5 211.5c46.1-62.1 131.5-77.4 195.6-34.2zm-217.9 79.7L57.9 155.9c-27.3 45.3-21.7 105 17.3 144.1l34.5 34.6L6.7 424c-8.6 7.5-9.1 20.7-1 28.8l53.4 53.5c8 8.1 21.2 7.6 28.7-1L177.1 402l35.7 35.7c19.7 19.7 44.6 30.5 70.3 33.3-7.1-17-11-35.6-11-55.1-.1-13.8 2.5-27 6.2-39.7zM416 320c-53 0-96 43-96 96s43 96 96 96 96-43 96-96-43-96-96-96z\"><\/path><\/svg><\/div><div class=\"wpr-story-info \"><div class=\"wpr-timeline-content-wrapper\"><div class=\"wpr-title-wrap\"><span class=\"wpr-title\">Activit\u00e9s<\/span><\/div><div class=\"wpr-description\"><p>Mercredi\u00a0 enfants\u00a0 14h\/15h30.\u00a0 \u00a0 \u00a0<\/p><p>Adultes : 14h \u00e0 16h00\u00a0<\/p><\/div><\/div><\/div><\/div><\/div>\n\t\t\t<!-- Add Pagination -->        \n\t\t\t<div class=\"wpr-swiper-pagination\"><\/div>\n\t\t\t<!-- Add Arrows -->\n\t\t\t<div class=\"wpr-button-prev wpr-timeline-prev-arrow wpr-timeline-prev-1349772\">\n\t\t\t\t<i class=\"fas fa-angle-left\"><\/i>\n\t\t\t<\/div>\n\t\t\t<div class=\"wpr-button-next wpr-timeline-next-arrow wpr-timeline-next-1349772\">\n\t\t\t\t<i class=\"fas fa-angle-left\"><\/i>\n\t\t\t<\/div>\n\t\t<\/div><\/div>\t\t\t\t<\/div>\n\t\t\t\t<\/div>\n\t\t\t\t<section class=\"elementor-section elementor-inner-section elementor-element elementor-element-50817c73 elementor-section-boxed elementor-section-height-default elementor-section-height-default wpr-particle-no wpr-jarallax-no wpr-parallax-no wpr-sticky-section-no\" data-id=\"50817c73\" data-element_type=\"section\" data-e-type=\"section\">\n\t\t\t\t\t\t<div class=\"elementor-container elementor-column-gap-wide\">\n\t\t\t\t\t<div class=\"elementor-column elementor-col-100 elementor-inner-column elementor-element elementor-element-52d4973\" data-id=\"52d4973\" data-element_type=\"column\" data-e-type=\"column\">\n\t\t\t<div class=\"elementor-widget-wrap elementor-element-populated\">\n\t\t\t\t\t\t<div class=\"elementor-element elementor-element-a7fcb97 wpr-list-style-none elementor-widget elementor-widget-wpr-posts-timeline\" data-id=\"a7fcb97\" data-element_type=\"widget\" data-e-type=\"widget\" data-settings=\"{&quot;swiper_speed&quot;:500}\" data-widget_type=\"wpr-posts-timeline.default\">\n\t\t\t\t<div class=\"elementor-widget-container\">\n\t\t\t\t\t<div class=\"wpr-timeline-outer-container\"><div class=\"wpr-wrapper swiper wpr-horizontal\" dir=\"\" data-slidestoshow = \"3\" data-autoplay=\"\" data-loop=\"\" data-swiper-speed=\"500\" data-swiper-delay=\"0\" data-swiper-poh=\"\" data-swiper-space-between=\"5\"><div class=\"swiper-wrapper wpr-horizontal-timeline\"><div class=\"swiper-slide swiper-slide-line-bottom no elementor-repeater-item-656b9c2\"><div class=\"wpr-extra-label\" ><span class=\"wpr-label\" >Vendredi<\/span><span class=\"wpr-sub-label\" >Peinture<\/span><\/div><div class=\"wpr-main-line-icon wpr-icon\"><svg aria-hidden=\"true\" class=\"e-font-icon-svg e-far-comments\" viewBox=\"0 0 576 512\" xmlns=\"http:\/\/www.w3.org\/2000\/svg\"><path d=\"M532 386.2c27.5-27.1 44-61.1 44-98.2 0-80-76.5-146.1-176.2-157.9C368.3 72.5 294.3 32 208 32 93.1 32 0 103.6 0 192c0 37 16.5 71 44 98.2-15.3 30.7-37.3 54.5-37.7 54.9-6.3 6.7-8.1 16.5-4.4 25 3.6 8.5 12 14 21.2 14 53.5 0 96.7-20.2 125.2-38.8 9.2 2.1 18.7 3.7 28.4 4.9C208.1 407.6 281.8 448 368 448c20.8 0 40.8-2.4 59.8-6.8C456.3 459.7 499.4 480 553 480c9.2 0 17.5-5.5 21.2-14 3.6-8.5 1.9-18.3-4.4-25-.4-.3-22.5-24.1-37.8-54.8zm-392.8-92.3L122.1 305c-14.1 9.1-28.5 16.3-43.1 21.4 2.7-4.7 5.4-9.7 8-14.8l15.5-31.1L77.7 256C64.2 242.6 48 220.7 48 192c0-60.7 73.3-112 160-112s160 51.3 160 112-73.3 112-160 112c-16.5 0-33-1.9-49-5.6l-19.8-4.5zM498.3 352l-24.7 24.4 15.5 31.1c2.6 5.1 5.3 10.1 8 14.8-14.6-5.1-29-12.3-43.1-21.4l-17.1-11.1-19.9 4.6c-16 3.7-32.5 5.6-49 5.6-54 0-102.2-20.1-131.3-49.7C338 339.5 416 272.9 416 192c0-3.4-.4-6.7-.7-10C479.7 196.5 528 238.8 528 288c0 28.7-16.2 50.6-29.7 64z\"><\/path><\/svg><\/div><div class=\"wpr-story-info \"><div class=\"wpr-timeline-content-wrapper\"><div class=\"wpr-title-wrap\"><span class=\"wpr-title\">Activit\u00e9s<\/span><\/div><div class=\"wpr-description\"><div class=\"elementor-element elementor-element-3ff288b elementor-position-top elementor-widget elementor-widget-image-box\" data-id=\"3ff288b\" data-element_type=\"widget\" data-widget_type=\"image-box.default\">\n<div class=\"elementor-widget-container\">\n<div class=\"elementor-image-box-wrapper\">\n<div class=\"elementor-image-box-content\">\n<p class=\"elementor-image-box-description\">PEINTURE : Vendredi 14h au R\u00e9cantou<\/p>\n<p class=\"elementor-image-box-description\"><\/p>\n<p class=\"elementor-image-box-description\">\n<\/p><\/div>\n<\/div>\n<\/div>\n<\/div>\n<div class=\"elementor-element elementor-element-db1d8e3 elementor-widget-divider--view-line elementor-widget elementor-widget-divider\" data-id=\"db1d8e3\" data-element_type=\"widget\" data-widget_type=\"divider.default\">\n<div>&nbsp;<\/div>\n<\/div><\/div><\/div><\/div><\/div><div class=\"swiper-slide swiper-slide-line-bottom no elementor-repeater-item-c299ee8\"><div class=\"wpr-main-line-icon wpr-icon\"><svg aria-hidden=\"true\" class=\"e-font-icon-svg e-far-comments\" viewBox=\"0 0 576 512\" xmlns=\"http:\/\/www.w3.org\/2000\/svg\"><path d=\"M532 386.2c27.5-27.1 44-61.1 44-98.2 0-80-76.5-146.1-176.2-157.9C368.3 72.5 294.3 32 208 32 93.1 32 0 103.6 0 192c0 37 16.5 71 44 98.2-15.3 30.7-37.3 54.5-37.7 54.9-6.3 6.7-8.1 16.5-4.4 25 3.6 8.5 12 14 21.2 14 53.5 0 96.7-20.2 125.2-38.8 9.2 2.1 18.7 3.7 28.4 4.9C208.1 407.6 281.8 448 368 448c20.8 0 40.8-2.4 59.8-6.8C456.3 459.7 499.4 480 553 480c9.2 0 17.5-5.5 21.2-14 3.6-8.5 1.9-18.3-4.4-25-.4-.3-22.5-24.1-37.8-54.8zm-392.8-92.3L122.1 305c-14.1 9.1-28.5 16.3-43.1 21.4 2.7-4.7 5.4-9.7 8-14.8l15.5-31.1L77.7 256C64.2 242.6 48 220.7 48 192c0-60.7 73.3-112 160-112s160 51.3 160 112-73.3 112-160 112c-16.5 0-33-1.9-49-5.6l-19.8-4.5zM498.3 352l-24.7 24.4 15.5 31.1c2.6 5.1 5.3 10.1 8 14.8-14.6-5.1-29-12.3-43.1-21.4l-17.1-11.1-19.9 4.6c-16 3.7-32.5 5.6-49 5.6-54 0-102.2-20.1-131.3-49.7C338 339.5 416 272.9 416 192c0-3.4-.4-6.7-.7-10C479.7 196.5 528 238.8 528 288c0 28.7-16.2 50.6-29.7 64z\"><\/path><\/svg><\/div><div class=\"wpr-story-info \"><div class=\"wpr-timeline-content-wrapper\"><div class=\"wpr-title-wrap\"><span class=\"wpr-title\">Activit\u00e9s<\/span><\/div><\/div><\/div><\/div><div class=\"swiper-slide swiper-slide-line-bottom no elementor-repeater-item-f466f27\"><div class=\"wpr-main-line-icon wpr-icon\"><svg aria-hidden=\"true\" class=\"e-font-icon-svg e-fas-chess\" viewBox=\"0 0 512 512\" xmlns=\"http:\/\/www.w3.org\/2000\/svg\"><path d=\"M74 208H64a16 16 0 0 0-16 16v16a16 16 0 0 0 16 16h15.94A535.78 535.78 0 0 1 64 384h128a535.78 535.78 0 0 1-15.94-128H192a16 16 0 0 0 16-16v-16a16 16 0 0 0-16-16h-10l33.89-90.38a16 16 0 0 0-15-21.62H144V64h24a8 8 0 0 0 8-8V40a8 8 0 0 0-8-8h-24V8a8 8 0 0 0-8-8h-16a8 8 0 0 0-8 8v24H88a8 8 0 0 0-8 8v16a8 8 0 0 0 8 8h24v32H55.09a16 16 0 0 0-15 21.62zm173.16 251.58L224 448v-16a16 16 0 0 0-16-16H48a16 16 0 0 0-16 16v16L8.85 459.58A16 16 0 0 0 0 473.89V496a16 16 0 0 0 16 16h224a16 16 0 0 0 16-16v-22.11a16 16 0 0 0-8.84-14.31zm92.77-157.78l-3.29 82.2h126.72l-3.29-82.21 24.6-20.79A32 32 0 0 0 496 256.54V198a6 6 0 0 0-6-6h-26.38a6 6 0 0 0-6 6v26h-24.71v-26a6 6 0 0 0-6-6H373.1a6 6 0 0 0-6 6v26h-24.71v-26a6 6 0 0 0-6-6H310a6 6 0 0 0-6 6v58.6a32 32 0 0 0 11.36 24.4zM384 304a16 16 0 0 1 32 0v32h-32zm119.16 155.58L480 448v-16a16 16 0 0 0-16-16H336a16 16 0 0 0-16 16v16l-23.15 11.58a16 16 0 0 0-8.85 14.31V496a16 16 0 0 0 16 16h192a16 16 0 0 0 16-16v-22.11a16 16 0 0 0-8.84-14.31z\"><\/path><\/svg><\/div><div class=\"wpr-story-info \"><div class=\"wpr-timeline-content-wrapper\"><div class=\"wpr-title-wrap\"><span class=\"wpr-title\">Activit\u00e9s<\/span><\/div><\/div><\/div><\/div><div class=\"swiper-slide swiper-slide-line-bottom no elementor-repeater-item-bb64f65\"><div class=\"wpr-extra-label\" ><span class=\"wpr-label\" >Mercredi<\/span><span class=\"wpr-sub-label\" >Ping-Pong<\/span><\/div><div class=\"wpr-main-line-icon wpr-icon\"><svg aria-hidden=\"true\" class=\"e-font-icon-svg e-fas-table-tennis\" viewBox=\"0 0 512 512\" xmlns=\"http:\/\/www.w3.org\/2000\/svg\"><path d=\"M496.2 296.5C527.7 218.7 512 126.2 449 63.1 365.1-21 229-21 145.1 63.1l-56 56.1 211.5 211.5c46.1-62.1 131.5-77.4 195.6-34.2zm-217.9 79.7L57.9 155.9c-27.3 45.3-21.7 105 17.3 144.1l34.5 34.6L6.7 424c-8.6 7.5-9.1 20.7-1 28.8l53.4 53.5c8 8.1 21.2 7.6 28.7-1L177.1 402l35.7 35.7c19.7 19.7 44.6 30.5 70.3 33.3-7.1-17-11-35.6-11-55.1-.1-13.8 2.5-27 6.2-39.7zM416 320c-53 0-96 43-96 96s43 96 96 96 96-43 96-96-43-96-96-96z\"><\/path><\/svg><\/div><div class=\"wpr-story-info \"><div class=\"wpr-timeline-content-wrapper\"><div class=\"wpr-title-wrap\"><span class=\"wpr-title\">Activit\u00e9s<\/span><\/div><\/div><\/div><\/div><\/div>\n\t\t\t<!-- Add Pagination -->        \n\t\t\t<div class=\"wpr-swiper-pagination\"><\/div>\n\t\t\t<!-- Add Arrows -->\n\t\t\t<div class=\"wpr-button-prev wpr-timeline-prev-arrow wpr-timeline-prev-a7fcb97\">\n\t\t\t\t<i class=\"fas fa-angle-left\"><\/i>\n\t\t\t<\/div>\n\t\t\t<div class=\"wpr-button-next wpr-timeline-next-arrow wpr-timeline-next-a7fcb97\">\n\t\t\t\t<i class=\"fas fa-angle-left\"><\/i>\n\t\t\t<\/div>\n\t\t<\/div><\/div>\t\t\t\t<\/div>\n\t\t\t\t<\/div>\n\t\t\t\t\t<\/div>\n\t\t<\/div>\n\t\t\t\t\t<\/div>\n\t\t<\/section>\n\t\t\t\t\t<\/div>\n\t\t<\/div>\n\t\t\t\t\t<\/div>\n\t\t<\/section>\n\t\t\t\t<\/div>\n\t\t","protected":false},"excerpt":{"rendered":"<p>Programme de la semaine LundiPhoto \/ Ping-Pong Activit\u00e9s PHOTO : Lundi 17h au R\u00e9cantou PING-PONG : Lundi\u00a0 19 \u00e0 21h Salle des f\u00eates \u00a0 \u00a0MardiDict\u00e9e \/ Marche \/ Chorale Activit\u00e9s Mardi 9h ou 14h (suivant la saison) Marche Rendez-vous au forail Mardi 10h30-Dict\u00e9e 1er mardi du mois Rendez-vous au Local Mardi 18h15 Chorale Rendez-vous \u00e0 la MJCMercrediPermanence \/ Autour du fil \/ Scabble \/ jeux de soci\u00e9t\u00e9 Activit\u00e9s Mercredi 10h \u00e0 11h30 Permanence au local Mercredi Autour du fil et jeux de soci\u00e9t\u00e9 au local Mercredi 14H00 Scrabble au local MercrediPing-Pong Activit\u00e9s Mercredi\u00a0 enfants\u00a0 14h\/15h30.\u00a0 \u00a0 \u00a0 Adultes : 14h \u00e0 16h00\u00a0 VendrediPeinture Activit\u00e9s PEINTURE : Vendredi 14h au R\u00e9cantou &nbsp; Activit\u00e9s Activit\u00e9s MercrediPing-Pong Activit\u00e9s<\/p>\n","protected":false},"author":2,"featured_media":0,"parent":0,"menu_order":0,"comment_status":"closed","ping_status":"closed","template":"elementor_theme","meta":{"_uag_custom_page_level_css":"","footnotes":""},"class_list":["post-928","page","type-page","status-publish","hentry"],"uagb_featured_image_src":{"full":false,"thumbnail":false,"medium":false,"medium_large":false,"large":false,"1536x1536":false,"2048x2048":false},"uagb_author_info":{"display_name":"Olivier De Winne","author_link":"https:\/\/recantoubize.fr\/Wordpress\/author\/olivier\/"},"uagb_comment_info":0,"uagb_excerpt":"Programme de la semaine LundiPhoto \/ Ping-Pong Activit\u00e9s PHOTO : Lundi 17h au R\u00e9cantou PING-PONG : Lundi\u00a0 19 \u00e0 21h Salle des f\u00eates \u00a0 \u00a0MardiDict\u00e9e \/ Marche \/ Chorale Activit\u00e9s Mardi 9h ou 14h (suivant la saison) Marche Rendez-vous au forail Mardi 10h30-Dict\u00e9e 1er mardi du mois Rendez-vous au Local Mardi 18h15 Chorale Rendez-vous \u00e0\u2026","_links":{"self":[{"href":"https:\/\/recantoubize.fr\/Wordpress\/wp-json\/wp\/v2\/pages\/928","targetHints":{"allow":["GET"]}}],"collection":[{"href":"https:\/\/recantoubize.fr\/Wordpress\/wp-json\/wp\/v2\/pages"}],"about":[{"href":"https:\/\/recantoubize.fr\/Wordpress\/wp-json\/wp\/v2\/types\/page"}],"author":[{"embeddable":true,"href":"https:\/\/recantoubize.fr\/Wordpress\/wp-json\/wp\/v2\/users\/2"}],"replies":[{"embeddable":true,"href":"https:\/\/recantoubize.fr\/Wordpress\/wp-json\/wp\/v2\/comments?post=928"}],"version-history":[{"count":30,"href":"https:\/\/recantoubize.fr\/Wordpress\/wp-json\/wp\/v2\/pages\/928\/revisions"}],"predecessor-version":[{"id":4663,"href":"https:\/\/recantoubize.fr\/Wordpress\/wp-json\/wp\/v2\/pages\/928\/revisions\/4663"}],"wp:attachment":[{"href":"https:\/\/recantoubize.fr\/Wordpress\/wp-json\/wp\/v2\/media?parent=928"}],"curies":[{"name":"wp","href":"https:\/\/api.w.org\/{rel}","templated":true}]}}