{"id":2992,"date":"2024-12-13T09:43:07","date_gmt":"2024-12-13T08:43:07","guid":{"rendered":"https:\/\/recantoubize.fr\/Wordpress\/?page_id=2992"},"modified":"2025-10-23T11:40:16","modified_gmt":"2025-10-23T09:40:16","slug":"le-lotto","status":"publish","type":"page","link":"https:\/\/recantoubize.fr\/Wordpress\/le-lotto\/","title":{"rendered":"Le Loto"},"content":{"rendered":"\t\t<div data-elementor-type=\"wp-page\" data-elementor-id=\"2992\" class=\"elementor elementor-2992\">\n\t\t\t\t\t\t<section class=\"elementor-section elementor-top-section elementor-element elementor-element-5293fff7 elementor-section-boxed elementor-section-height-default elementor-section-height-default wpr-particle-no wpr-jarallax-no wpr-parallax-no wpr-sticky-section-no\" data-id=\"5293fff7\" data-element_type=\"section\" data-e-type=\"section\" data-settings=\"{&quot;background_background&quot;:&quot;classic&quot;}\">\n\t\t\t\t\t\t\t<div class=\"elementor-background-overlay\"><\/div>\n\t\t\t\t\t\t\t<div class=\"elementor-container elementor-column-gap-default\">\n\t\t\t\t\t<div class=\"elementor-column elementor-col-100 elementor-top-column elementor-element elementor-element-3bd21802\" data-id=\"3bd21802\" data-element_type=\"column\" data-e-type=\"column\">\n\t\t\t<div class=\"elementor-widget-wrap elementor-element-populated\">\n\t\t\t\t\t\t<div class=\"elementor-element elementor-element-6ef02b98 elementor-widget elementor-widget-heading\" data-id=\"6ef02b98\" data-element_type=\"widget\" data-e-type=\"widget\" data-widget_type=\"heading.default\">\n\t\t\t\t<div class=\"elementor-widget-container\">\n\t\t\t\t\t<h2 class=\"elementor-heading-title elementor-size-default\">Le Loto<\/h2>\t\t\t\t<\/div>\n\t\t\t\t<\/div>\n\t\t\t\t<div class=\"elementor-element elementor-element-432b1a8d elementor-widget elementor-widget-spacer\" data-id=\"432b1a8d\" data-element_type=\"widget\" data-e-type=\"widget\" data-widget_type=\"spacer.default\">\n\t\t\t\t<div class=\"elementor-widget-container\">\n\t\t\t\t\t\t\t<div class=\"elementor-spacer\">\n\t\t\t<div class=\"elementor-spacer-inner\"><\/div>\n\t\t<\/div>\n\t\t\t\t\t\t<\/div>\n\t\t\t\t<\/div>\n\t\t\t\t\t<\/div>\n\t\t<\/div>\n\t\t\t\t\t<\/div>\n\t\t<\/section>\n\t\t\t\t<section class=\"elementor-section elementor-top-section elementor-element elementor-element-918a073 elementor-section-boxed elementor-section-height-default elementor-section-height-default wpr-particle-no wpr-jarallax-no wpr-parallax-no wpr-sticky-section-no\" data-id=\"918a073\" data-element_type=\"section\" data-e-type=\"section\">\n\t\t\t\t\t\t<div class=\"elementor-container elementor-column-gap-wide\">\n\t\t\t\t\t<div class=\"elementor-column elementor-col-50 elementor-top-column elementor-element elementor-element-5168509\" data-id=\"5168509\" data-element_type=\"column\" data-e-type=\"column\">\n\t\t\t<div class=\"elementor-widget-wrap elementor-element-populated\">\n\t\t\t\t\t\t<div class=\"elementor-element elementor-element-5e733f2b elementor-widget elementor-widget-image\" data-id=\"5e733f2b\" data-element_type=\"widget\" data-e-type=\"widget\" data-widget_type=\"image.default\">\n\t\t\t\t<div class=\"elementor-widget-container\">\n\t\t\t\t\t\t\t\t\t\t\t\t\t\t\t<img decoding=\"async\" src=\"https:\/\/recantoubize.fr\/Wordpress\/wp-content\/uploads\/2024\/11\/Loto.jpg\" title=\"\" alt=\"Loto\" loading=\"lazy\" \/>\t\t\t\t\t\t\t\t\t\t\t\t\t\t\t<\/div>\n\t\t\t\t<\/div>\n\t\t\t\t\t<\/div>\n\t\t<\/div>\n\t\t\t\t<div class=\"elementor-column elementor-col-50 elementor-top-column elementor-element elementor-element-1dcfaeeb\" data-id=\"1dcfaeeb\" data-element_type=\"column\" data-e-type=\"column\">\n\t\t\t<div class=\"elementor-widget-wrap elementor-element-populated\">\n\t\t\t\t\t\t<div class=\"elementor-element elementor-element-1dd3be2e elementor-widget-laptop__width-initial elementor-widget elementor-widget-heading\" data-id=\"1dd3be2e\" data-element_type=\"widget\" data-e-type=\"widget\" data-widget_type=\"heading.default\">\n\t\t\t\t<div class=\"elementor-widget-container\">\n\t\t\t\t\t<h2 class=\"elementor-heading-title elementor-size-default\">Venez passer une journ\u00e9e exceptionnelle et repartez peut-\u00eatre avec de superbes cadeaux!<\/h2>\t\t\t\t<\/div>\n\t\t\t\t<\/div>\n\t\t\t\t<div class=\"elementor-element elementor-element-a628f3a elementor-widget elementor-widget-spacer\" data-id=\"a628f3a\" data-element_type=\"widget\" data-e-type=\"widget\" data-widget_type=\"spacer.default\">\n\t\t\t\t<div class=\"elementor-widget-container\">\n\t\t\t\t\t\t\t<div class=\"elementor-spacer\">\n\t\t\t<div class=\"elementor-spacer-inner\"><\/div>\n\t\t<\/div>\n\t\t\t\t\t\t<\/div>\n\t\t\t\t<\/div>\n\t\t\t\t<div class=\"elementor-element elementor-element-f381abc elementor-widget elementor-widget-text-editor\" data-id=\"f381abc\" data-element_type=\"widget\" data-e-type=\"widget\" data-widget_type=\"text-editor.default\">\n\t\t\t\t<div class=\"elementor-widget-container\">\n\t\t\t\t\t\t\t\t\t<p>Bonjour et bienvenue sur la page d\u00e9di\u00e9e au Loto annuel de notre association<\/p><p><strong>le prochain Loto de l&rsquo;association aura lieu \u00e0 la salle des f\u00eates <\/strong><strong>le <\/strong><\/p><p><strong><em><span style=\"text-decoration: underline;\">23 Novembre 2025 \u00e0 15h\u00a0\u00a0<\/span><\/em><\/strong><\/p>\t\t\t\t\t\t\t\t<\/div>\n\t\t\t\t<\/div>\n\t\t\t\t\t<\/div>\n\t\t<\/div>\n\t\t\t\t\t<\/div>\n\t\t<\/section>\n\t\t\t\t<section class=\"elementor-section elementor-top-section elementor-element elementor-element-2a33f79e elementor-section-boxed elementor-section-height-default elementor-section-height-default wpr-particle-no wpr-jarallax-no wpr-parallax-no wpr-sticky-section-no\" data-id=\"2a33f79e\" data-element_type=\"section\" data-e-type=\"section\">\n\t\t\t\t\t\t\t<div class=\"elementor-background-overlay\"><\/div>\n\t\t\t\t\t\t\t<div class=\"elementor-container elementor-column-gap-default\">\n\t\t\t\t\t<div class=\"elementor-column elementor-col-100 elementor-top-column elementor-element elementor-element-7aea0e75\" data-id=\"7aea0e75\" data-element_type=\"column\" data-e-type=\"column\">\n\t\t\t<div class=\"elementor-widget-wrap elementor-element-populated\">\n\t\t\t\t\t\t<div class=\"elementor-element elementor-element-b0fe000 elementor-widget elementor-widget-heading\" data-id=\"b0fe000\" data-element_type=\"widget\" data-e-type=\"widget\" data-widget_type=\"heading.default\">\n\t\t\t\t<div class=\"elementor-widget-container\">\n\t\t\t\t\t<h2 class=\"elementor-heading-title elementor-size-default\">Nos pr\u00e9c\u00e9dents lotos<\/h2>\t\t\t\t<\/div>\n\t\t\t\t<\/div>\n\t\t\t\t<div class=\"elementor-element elementor-element-224d384b wpr-grid-columns-3 wpr-grid-columns--laptop3 wpr-grid-columns--tablet2 wpr-grid-columns--mobile1 wpr-grid-pagination-center wpr-item-styles-inner elementor-widget elementor-widget-wpr-grid\" data-id=\"224d384b\" data-element_type=\"widget\" data-e-type=\"widget\" data-widget_type=\"wpr-grid.default\">\n\t\t\t\t<div class=\"elementor-widget-container\">\n\t\t\t\t\t<ul class=\"wpr-grid-filters elementor-clearfix wpr-grid-filters-sep-right\"><li class=\" wpr-pointer-none wpr-pointer-line-fx wpr-pointer-fx-none\"><span  data-filter=\"*\" class=\"wpr-grid-filters-item wpr-active-filter \">All Posts<\/span><em class=\"wpr-grid-filters-sep\"><\/em><\/li><ul data-parent=\".category-evenementiel-lou-recantou\" class=\"wpr-sub-filters\"><li data-role=\"back\" class=\" wpr-pointer-none wpr-pointer-line-fx wpr-pointer-fx-none\"><span class=\"wpr-back-filter\"  data-ajax-filter=[\"category\",\"evenementiel-lou-recantou\"]  data-filter=\".category-evenementiel-lou-recantou\"><i class=\"fas fa-long-arrow-alt-left\"><\/i>&nbsp;&nbsp;Back<\/span><\/li><li data-role=\"sub\" class=\" wpr-pointer-none wpr-pointer-line-fx wpr-pointer-fx-none\"><span   data-ajax-filter=[\"category\",\"voyages\"]  data-filter=\".category-voyages\">Voyages<\/span><em class=\"wpr-grid-filters-sep\"><\/em><\/li><li data-role=\"sub\" class=\" wpr-pointer-none wpr-pointer-line-fx wpr-pointer-fx-none\"><span   data-ajax-filter=[\"category\",\"thes-dansants\"]  data-filter=\".category-thes-dansants\">Thes dansants<\/span><em class=\"wpr-grid-filters-sep\"><\/em><\/li><li data-role=\"sub\" class=\" wpr-pointer-none wpr-pointer-line-fx wpr-pointer-fx-none\"><span   data-ajax-filter=[\"category\",\"repas-dansants\"]  data-filter=\".category-repas-dansants\">Repas Dansants<\/span><em class=\"wpr-grid-filters-sep\"><\/em><\/li><li data-role=\"sub\" class=\" wpr-pointer-none wpr-pointer-line-fx wpr-pointer-fx-none\"><span   data-ajax-filter=[\"category\",\"activites-culturelles\"]  data-filter=\".category-activites-culturelles\">Activit\u00e9s Culturelles<\/span><em class=\"wpr-grid-filters-sep\"><\/em><\/li><li data-role=\"sub\" class=\" wpr-pointer-none wpr-pointer-line-fx wpr-pointer-fx-none\"><span   data-ajax-filter=[\"category\",\"entraide-humanitaire\"]  data-filter=\".category-entraide-humanitaire\">Entraide Humanitaire<\/span><em class=\"wpr-grid-filters-sep\"><\/em><\/li><li data-role=\"sub\" class=\" wpr-pointer-none wpr-pointer-line-fx wpr-pointer-fx-none\"><span   data-ajax-filter=[\"category\",\"participation-fetes-locales\"]  data-filter=\".category-participation-fetes-locales\">Participation f\u00eates Locales<\/span><em class=\"wpr-grid-filters-sep\"><\/em><\/li><li data-role=\"sub\" class=\" wpr-pointer-none wpr-pointer-line-fx wpr-pointer-fx-none\"><span   data-ajax-filter=[\"category\",\"le-grand-repas-champetre\"]  data-filter=\".category-le-grand-repas-champetre\">Le grand Repas Champ\u00eatre<\/span><em class=\"wpr-grid-filters-sep\"><\/em><\/li><li data-role=\"sub\" class=\" wpr-pointer-none wpr-pointer-line-fx wpr-pointer-fx-none\"><span   data-ajax-filter=[\"category\",\"le-loto\"]  data-filter=\".category-le-loto\">Le Loto<\/span><em class=\"wpr-grid-filters-sep\"><\/em><\/li><\/ul><\/ul><section class=\"wpr-grid elementor-clearfix\" data-settings=\"{&quot;layout&quot;:&quot;fitRows&quot;,&quot;stick_last_element_to_bottom&quot;:&quot;&quot;,&quot;columns_desktop&quot;:3,&quot;gutter_hr&quot;:15,&quot;gutter_hr_mobile&quot;:15,&quot;gutter_hr_mobile_extra&quot;:15,&quot;gutter_hr_tablet&quot;:15,&quot;gutter_hr_tablet_extra&quot;:15,&quot;gutter_hr_laptop&quot;:15,&quot;gutter_hr_widescreen&quot;:15,&quot;gutter_vr&quot;:15,&quot;gutter_vr_mobile&quot;:15,&quot;gutter_vr_mobile_extra&quot;:15,&quot;gutter_vr_tablet&quot;:15,&quot;gutter_vr_tablet_extra&quot;:15,&quot;gutter_vr_laptop&quot;:15,&quot;gutter_vr_widescreen&quot;:15,&quot;animation&quot;:&quot;default&quot;,&quot;animation_duration&quot;:0.29999999999999999,&quot;animation_delay&quot;:0.10000000000000001,&quot;deeplinking&quot;:&quot;&quot;,&quot;filters_linkable&quot;:&quot;no&quot;,&quot;filters_default_filter&quot;:&quot;&quot;,&quot;filters_count&quot;:&quot;&quot;,&quot;filters_hide_empty&quot;:&quot;no&quot;,&quot;filters_animation&quot;:&quot;default&quot;,&quot;filters_animation_duration&quot;:0.29999999999999999,&quot;filters_animation_delay&quot;:0.10000000000000001,&quot;pagination_type&quot;:&quot;load-more&quot;,&quot;pagination_max_pages&quot;:1,&quot;lightbox&quot;:{&quot;selector&quot;:&quot;.wpr-grid-image-wrap&quot;,&quot;iframeMaxWidth&quot;:&quot;60%&quot;,&quot;hash&quot;:false,&quot;autoplay&quot;:&quot;true&quot;,&quot;pause&quot;:5000,&quot;progressBar&quot;:&quot;true&quot;,&quot;counter&quot;:&quot;true&quot;,&quot;controls&quot;:&quot;true&quot;,&quot;getCaptionFromTitleOrAlt&quot;:&quot;true&quot;,&quot;thumbnail&quot;:&quot;&quot;,&quot;showThumbByDefault&quot;:&quot;&quot;,&quot;share&quot;:&quot;&quot;,&quot;zoom&quot;:&quot;true&quot;,&quot;fullScreen&quot;:&quot;true&quot;,&quot;download&quot;:&quot;true&quot;}}\" data-advanced-filters=\"no\"><article class=\"wpr-grid-item elementor-clearfix post-4567 post type-post status-publish format-standard has-post-thumbnail hentry category-evenementiel-lou-recantou category-le-loto\"><div class=\"wpr-grid-item-inner\"><div class=\"wpr-grid-media-wrap wpr-effect-size-medium \" data-overlay-link=\"yes\"><div class=\"wpr-grid-image-wrap\" data-src=\"https:\/\/recantoubize.fr\/Wordpress\/wp-content\/uploads\/2025\/11\/20251123_151317.jpg\" data-img-on-hover=\"\"  data-src-secondary=\"\"><img decoding=\"async\" data-no-lazy=\"1\" src=\"https:\/\/recantoubize.fr\/Wordpress\/wp-content\/uploads\/2025\/11\/20251123_151317.jpg\" alt=\"LOTO   Dimanche  23\/11\/2025\" class=\"wpr-anim-timing-ease-default\"><\/div><div class=\"wpr-grid-media-hover wpr-animation-wrap\"><div class=\"wpr-grid-media-hover-bg  wpr-overlay-fade-in wpr-anim-size-large wpr-anim-timing-ease-default wpr-anim-transparency\" data-url=\"https:\/\/recantoubize.fr\/Wordpress\/2025\/11\/25\/loto-dimanche-23-11-2025\/\"><\/div><\/div><\/div><div class=\"wpr-grid-item-below-content elementor-clearfix\"><h2 class=\"wpr-grid-item-title elementor-repeater-item-c746a49 wpr-grid-item-display-block wpr-grid-item-align-left wpr-pointer-none wpr-pointer-line-fx wpr-pointer-fx-fade\"><div class=\"inner-block\"><a target=\"_self\"  href=\"https:\/\/recantoubize.fr\/Wordpress\/2025\/11\/25\/loto-dimanche-23-11-2025\/\">LOTO Dimanche 23\/11\/2025<\/a><\/div><\/h2><div class=\"wpr-grid-item-date elementor-repeater-item-ae84827 wpr-grid-item-display-inline wpr-grid-item-align-left\"><div class=\"inner-block\"><span>25 novembre 2025<span class=\"wpr-grid-extra-text-right\">\/<\/span><\/span><\/div><\/div><div class=\"wpr-grid-item-comments elementor-repeater-item-6d6e040 wpr-grid-item-display-inline wpr-grid-item-align-left\"><div class=\"inner-block\"><a href=\"https:\/\/recantoubize.fr\/Wordpress\/2025\/11\/25\/loto-dimanche-23-11-2025\/#respond\"><span>No Comments<\/span><\/a><\/div><\/div><div class=\"wpr-grid-item-excerpt elementor-repeater-item-c7aac80 wpr-grid-item-display-block wpr-grid-item-align-left\"><div class=\"inner-block\"><p>Nos adh\u00e9rents , les bizois , bizoises , et visiteurs \u00e9taient au rendez vous pour la r\u00e9ussite de notre loto...<\/p><\/div><\/div><div class=\"wpr-grid-item-read-more elementor-repeater-item-1643ed7 wpr-grid-item-display-block wpr-grid-item-align-left\"><div class=\"inner-block\"><a target=\"_self\" href=\"https:\/\/recantoubize.fr\/Wordpress\/2025\/11\/25\/loto-dimanche-23-11-2025\/\" class=\"wpr-button-effect wpr-button-none\"><span>Read More<\/span><\/a><\/div><\/div><\/div><\/div><\/article><article class=\"wpr-grid-item elementor-clearfix post-3006 post type-post status-publish format-standard has-post-thumbnail hentry category-evenementiel-lou-recantou category-le-loto\"><div class=\"wpr-grid-item-inner\"><div class=\"wpr-grid-media-wrap wpr-effect-size-medium \" data-overlay-link=\"yes\"><div class=\"wpr-grid-image-wrap\" data-src=\"https:\/\/recantoubize.fr\/Wordpress\/wp-content\/uploads\/2024\/12\/IMG_3958.jpg\" data-img-on-hover=\"\"  data-src-secondary=\"\"><img decoding=\"async\" data-no-lazy=\"1\" src=\"https:\/\/recantoubize.fr\/Wordpress\/wp-content\/uploads\/2024\/12\/IMG_3958.jpg\" alt=\"Loto organis\u00e9 par le R\u00e9cantou le                           24 novembre 2024\" class=\"wpr-anim-timing-ease-default\"><\/div><div class=\"wpr-grid-media-hover wpr-animation-wrap\"><div class=\"wpr-grid-media-hover-bg  wpr-overlay-fade-in wpr-anim-size-large wpr-anim-timing-ease-default wpr-anim-transparency\" data-url=\"https:\/\/recantoubize.fr\/Wordpress\/2024\/12\/13\/loto-du-24-novembre-2024\/\"><\/div><\/div><\/div><div class=\"wpr-grid-item-below-content elementor-clearfix\"><h2 class=\"wpr-grid-item-title elementor-repeater-item-c746a49 wpr-grid-item-display-block wpr-grid-item-align-left wpr-pointer-none wpr-pointer-line-fx wpr-pointer-fx-fade\"><div class=\"inner-block\"><a target=\"_self\"  href=\"https:\/\/recantoubize.fr\/Wordpress\/2024\/12\/13\/loto-du-24-novembre-2024\/\">Loto organis\u00e9 par le R\u00e9cantou le 24 novembre 2024<\/a><\/div><\/h2><div class=\"wpr-grid-item-date elementor-repeater-item-ae84827 wpr-grid-item-display-inline wpr-grid-item-align-left\"><div class=\"inner-block\"><span>13 d\u00e9cembre 2024<span class=\"wpr-grid-extra-text-right\">\/<\/span><\/span><\/div><\/div><div class=\"wpr-grid-item-comments elementor-repeater-item-6d6e040 wpr-grid-item-display-inline wpr-grid-item-align-left\"><div class=\"inner-block\"><a href=\"https:\/\/recantoubize.fr\/Wordpress\/2024\/12\/13\/loto-du-24-novembre-2024\/#respond\"><span>No Comments<\/span><\/a><\/div><\/div><div class=\"wpr-grid-item-read-more elementor-repeater-item-1643ed7 wpr-grid-item-display-block wpr-grid-item-align-left\"><div class=\"inner-block\"><a target=\"_self\" href=\"https:\/\/recantoubize.fr\/Wordpress\/2024\/12\/13\/loto-du-24-novembre-2024\/\" class=\"wpr-button-effect wpr-button-none\"><span>Read More<\/span><\/a><\/div><\/div><\/div><\/div><\/article><\/section>\t\t\t\t<\/div>\n\t\t\t\t<\/div>\n\t\t\t\t<div class=\"elementor-element elementor-element-7503e94a elementor-widget elementor-widget-spacer\" data-id=\"7503e94a\" data-element_type=\"widget\" data-e-type=\"widget\" data-widget_type=\"spacer.default\">\n\t\t\t\t<div class=\"elementor-widget-container\">\n\t\t\t\t\t\t\t<div class=\"elementor-spacer\">\n\t\t\t<div class=\"elementor-spacer-inner\"><\/div>\n\t\t<\/div>\n\t\t\t\t\t\t<\/div>\n\t\t\t\t<\/div>\n\t\t\t\t\t<\/div>\n\t\t<\/div>\n\t\t\t\t\t<\/div>\n\t\t<\/section>\n\t\t\t\t<\/div>\n\t\t","protected":false},"excerpt":{"rendered":"<p>Le Loto Venez passer une journ\u00e9e exceptionnelle et repartez peut-\u00eatre avec de superbes cadeaux! Bonjour et bienvenue sur la page d\u00e9di\u00e9e au Loto annuel de notre association le prochain Loto de l&rsquo;association aura lieu \u00e0 la salle des f\u00eates le 23 Novembre 2025 \u00e0 15h\u00a0\u00a0 Nos pr\u00e9c\u00e9dents lotos All Posts &nbsp;&nbsp;Back Voyages Thes dansants Repas Dansants Activit\u00e9s Culturelles Entraide Humanitaire Participation f\u00eates Locales Le grand Repas Champ\u00eatre Le Loto Loto organis\u00e9 par le R\u00e9cantou le 24 novembre 2024 13 d\u00e9cembre 2024\/No CommentsRead More<\/p>\n","protected":false},"author":2,"featured_media":0,"parent":0,"menu_order":0,"comment_status":"closed","ping_status":"closed","template":"elementor_canvas","meta":{"_uag_custom_page_level_css":"","footnotes":""},"class_list":["post-2992","page","type-page","status-publish","hentry"],"uagb_featured_image_src":{"full":false,"thumbnail":false,"medium":false,"medium_large":false,"large":false,"1536x1536":false,"2048x2048":false},"uagb_author_info":{"display_name":"Olivier De Winne","author_link":"https:\/\/recantoubize.fr\/Wordpress\/author\/olivier\/"},"uagb_comment_info":0,"uagb_excerpt":"Le Loto Venez passer une journ\u00e9e exceptionnelle et repartez peut-\u00eatre avec de superbes cadeaux! Bonjour et bienvenue sur la page d\u00e9di\u00e9e au Loto annuel de notre association le prochain Loto de l&rsquo;association aura lieu \u00e0 la salle des f\u00eates le 23 Novembre 2025 \u00e0 15h\u00a0\u00a0 Nos pr\u00e9c\u00e9dents lotos All Posts &nbsp;&nbsp;Back Voyages Thes dansants Repas\u2026","_links":{"self":[{"href":"https:\/\/recantoubize.fr\/Wordpress\/wp-json\/wp\/v2\/pages\/2992","targetHints":{"allow":["GET"]}}],"collection":[{"href":"https:\/\/recantoubize.fr\/Wordpress\/wp-json\/wp\/v2\/pages"}],"about":[{"href":"https:\/\/recantoubize.fr\/Wordpress\/wp-json\/wp\/v2\/types\/page"}],"author":[{"embeddable":true,"href":"https:\/\/recantoubize.fr\/Wordpress\/wp-json\/wp\/v2\/users\/2"}],"replies":[{"embeddable":true,"href":"https:\/\/recantoubize.fr\/Wordpress\/wp-json\/wp\/v2\/comments?post=2992"}],"version-history":[{"count":24,"href":"https:\/\/recantoubize.fr\/Wordpress\/wp-json\/wp\/v2\/pages\/2992\/revisions"}],"predecessor-version":[{"id":4537,"href":"https:\/\/recantoubize.fr\/Wordpress\/wp-json\/wp\/v2\/pages\/2992\/revisions\/4537"}],"wp:attachment":[{"href":"https:\/\/recantoubize.fr\/Wordpress\/wp-json\/wp\/v2\/media?parent=2992"}],"curies":[{"name":"wp","href":"https:\/\/api.w.org\/{rel}","templated":true}]}}