{"id":2678,"date":"2024-11-13T18:04:21","date_gmt":"2024-11-13T17:04:21","guid":{"rendered":"https:\/\/recantoubize.fr\/Wordpress\/?page_id=2678"},"modified":"2024-11-13T18:06:39","modified_gmt":"2024-11-13T17:06:39","slug":"mentions-legales","status":"publish","type":"page","link":"https:\/\/recantoubize.fr\/Wordpress\/mentions-legales\/","title":{"rendered":"Mentions l\u00e9gales"},"content":{"rendered":"\t\t<div data-elementor-type=\"wp-page\" data-elementor-id=\"2678\" class=\"elementor elementor-2678\">\n\t\t\t\t\t\t<section class=\"elementor-section elementor-top-section elementor-element elementor-element-7cff1e81 elementor-section-boxed elementor-section-height-default elementor-section-height-default wpr-particle-no wpr-jarallax-no wpr-parallax-no wpr-sticky-section-no\" data-id=\"7cff1e81\" data-element_type=\"section\" data-e-type=\"section\" data-settings=\"{&quot;background_background&quot;:&quot;classic&quot;}\">\n\t\t\t\t\t\t\t<div class=\"elementor-background-overlay\"><\/div>\n\t\t\t\t\t\t\t<div class=\"elementor-container elementor-column-gap-default\">\n\t\t\t\t\t<div class=\"elementor-column elementor-col-100 elementor-top-column elementor-element elementor-element-36f372fd\" data-id=\"36f372fd\" data-element_type=\"column\" data-e-type=\"column\">\n\t\t\t<div class=\"elementor-widget-wrap elementor-element-populated\">\n\t\t\t\t\t\t<div class=\"elementor-element elementor-element-71fb22d6 elementor-widget elementor-widget-heading\" data-id=\"71fb22d6\" data-element_type=\"widget\" data-e-type=\"widget\" data-widget_type=\"heading.default\">\n\t\t\t\t<div class=\"elementor-widget-container\">\n\t\t\t\t\t<h2 class=\"elementor-heading-title elementor-size-default\">Mentions l\u00e9gales<\/h2>\t\t\t\t<\/div>\n\t\t\t\t<\/div>\n\t\t\t\t\t<\/div>\n\t\t<\/div>\n\t\t\t\t\t<\/div>\n\t\t<\/section>\n\t\t\t\t<section class=\"elementor-section elementor-top-section elementor-element elementor-element-5e4f1f8d elementor-section-boxed elementor-section-height-default elementor-section-height-default wpr-particle-no wpr-jarallax-no wpr-parallax-no wpr-sticky-section-no\" data-id=\"5e4f1f8d\" data-element_type=\"section\" data-e-type=\"section\">\n\t\t\t\t\t\t\t<div class=\"elementor-background-overlay\"><\/div>\n\t\t\t\t\t\t\t<div class=\"elementor-container elementor-column-gap-default\">\n\t\t\t\t\t<div class=\"elementor-column elementor-col-100 elementor-top-column elementor-element elementor-element-2afb59b9\" data-id=\"2afb59b9\" data-element_type=\"column\" data-e-type=\"column\">\n\t\t\t<div class=\"elementor-widget-wrap elementor-element-populated\">\n\t\t\t\t\t\t<div class=\"elementor-element elementor-element-00f9ecc elementor-widget elementor-widget-text-editor\" data-id=\"00f9ecc\" data-element_type=\"widget\" data-e-type=\"widget\" data-widget_type=\"text-editor.default\">\n\t\t\t\t<div class=\"elementor-widget-container\">\n\t\t\t\t\t\t\t\t\t<h2 style=\"color: #000000; font-size: 28px; margin: 0px 0px 15px; padding: 5px 0px; font-family: Tahoma, Geneva, sans-serif;\">\u00c9diteur<\/h2><p class=\"contenu_02\" style=\"margin-right: 0px; margin-bottom: 10px; margin-left: 0px; padding: 0px; font-size: 16px; font-family: Georgia, 'Times New Roman', Times, serif; color: #000000; font-style: oblique; text-align: justify;\">Lou Recantou de Bize Minervois. Si\u00e8ge Social Mairie de Bize minervois 11120. Responsable de la publication : Pr\u00e9sident en exercice.<\/p><h6 style=\"color: #000000; font-size: 14px; margin: 0px 0px 5px; padding: 0px; font-family: Tahoma, Geneva, sans-serif;\">\u00a0<\/h6><div class=\"h10\" style=\"height: 10px; color: #555555; font-family: Tahoma, Geneva, sans-serif; font-size: 13px;\">\u00a0<\/div><h2 style=\"color: #000000; font-size: 28px; margin: 0px 0px 15px; padding: 5px 0px; font-family: Tahoma, Geneva, sans-serif;\">H\u00e9bergement<\/h2><p class=\"contenu_02\" style=\"margin-right: 0px; margin-bottom: 10px; margin-left: 0px; padding: 0px; font-size: 16px; font-family: Georgia, 'Times New Roman', Times, serif; color: #000000; font-style: oblique; text-align: justify;\">LWS &#8211; 10 RUE DE PENTHIEVRE 75008 PARIS<\/p><div class=\"h10\" style=\"height: 10px; color: #555555; font-family: Tahoma, Geneva, sans-serif; font-size: 13px;\">\u00a0<\/div><h2 style=\"color: #000000; font-size: 28px; margin: 0px 0px 15px; padding: 5px 0px; font-family: Tahoma, Geneva, sans-serif;\">Droits de reproduction<\/h2><p class=\"contenu_02\" style=\"margin-right: 0px; margin-bottom: 10px; margin-left: 0px; padding: 0px; font-size: 16px; font-family: Georgia, 'Times New Roman', Times, serif; color: #000000; font-style: oblique; text-align: justify;\">En application de la loi du 11 mars 1957 (art. 41) et du code de la propri\u00e9t\u00e9 intellectuelle du 1er juillet 1992, l&rsquo;ensemble des textes, illustrations, photographies, plans, dessins, animations, vid\u00e9os&#8230; contenus sur ce site Internet ne peuvent pas \u00eatre utilis\u00e9s ou reproduits sans obtention de l&rsquo;autorisation du concepteur. Toute personne figurant sur une photographie pourra demander que son visage soit dissimul\u00e9.<\/p><div class=\"h10\" style=\"height: 10px; color: #555555; font-family: Tahoma, Geneva, sans-serif; font-size: 13px;\">\u00a0<\/div><h2 style=\"color: #000000; font-size: 28px; margin: 0px 0px 15px; padding: 5px 0px; font-family: Tahoma, Geneva, sans-serif;\">Confidentialit\u00e9<\/h2><p class=\"contenu_02\" style=\"margin-right: 0px; margin-bottom: 10px; margin-left: 0px; padding: 0px; font-size: 16px; font-family: Georgia, 'Times New Roman', Times, serif; color: #000000; font-style: oblique; text-align: justify;\">Vu la d\u00e9lib\u00e9ration CNIL 2010-229 du 10 juin 2010 dispensant de d\u00e9claration les traitements automatis\u00e9s de donn\u00e9es \u00e0 caract\u00e8re personnel mis en \u0153uvre par des organismes \u00e0 but non lucratif, ce site n&rsquo;a pas \u00e0 faire l&rsquo;objet d&rsquo;une d\u00e9claration aupr\u00e8s de la Commission Nationale Informatique et Libert\u00e9s. (JORF n\u00b00155 du 7 juillet 2010 page texte n\u00b0 76)<\/p><div class=\"h10\" style=\"height: 10px; color: #555555; font-family: Tahoma, Geneva, sans-serif; font-size: 13px;\">\u00a0<\/div><h2 style=\"color: #000000; font-size: 28px; margin: 0px 0px 15px; padding: 5px 0px; font-family: Tahoma, Geneva, sans-serif;\">Organisation des spectacles<\/h2><p class=\"contenu_02\" style=\"margin-right: 0px; margin-bottom: 10px; margin-left: 0px; padding: 0px; font-size: 16px; font-family: Georgia, 'Times New Roman', Times, serif; color: #000000; font-style: oblique; text-align: justify;\">Pour l&rsquo;organisation des th\u00e9s dansants, repas dansants et go\u00fbters spectacles : Licence 2 : Producteur de spectacles N\u00b0 2-1086535- D\u00e9tenteur Vincent Camelot &#8211; B\u00e9n\u00e9ficiaire Club des Aines Lou Recantou.<\/p><div class=\"h10\" style=\"height: 10px; color: #555555; font-family: Tahoma, Geneva, sans-serif; font-size: 13px;\">\u00a0<\/div><h2 style=\"color: #000000; font-size: 28px; margin: 0px 0px 15px; padding: 5px 0px; font-family: Tahoma, Geneva, sans-serif;\">Limitation de la responsabilit\u00e9 de l&rsquo;association<\/h2><p class=\"contenu_02\" style=\"margin-right: 0px; margin-bottom: 10px; margin-left: 0px; padding: 0px; font-size: 16px; font-family: Georgia, 'Times New Roman', Times, serif; color: #000000; font-style: oblique; text-align: justify;\">\u00a0\u00bb Lou Recantou\u00a0\u00bb ne peut encourir aucune responsabilit\u00e9 du fait d&rsquo;erreurs, d&rsquo;omissions, ou pour les r\u00e9sultats qui pourraient \u00eatre obtenus par l&rsquo;usage des informations diffus\u00e9es sur ce site.<\/p>\t\t\t\t\t\t\t\t<\/div>\n\t\t\t\t<\/div>\n\t\t\t\t<div class=\"elementor-element elementor-element-57adc4aa elementor-widget elementor-widget-spacer\" data-id=\"57adc4aa\" data-element_type=\"widget\" data-e-type=\"widget\" data-widget_type=\"spacer.default\">\n\t\t\t\t<div class=\"elementor-widget-container\">\n\t\t\t\t\t\t\t<div class=\"elementor-spacer\">\n\t\t\t<div class=\"elementor-spacer-inner\"><\/div>\n\t\t<\/div>\n\t\t\t\t\t\t<\/div>\n\t\t\t\t<\/div>\n\t\t\t\t\t<\/div>\n\t\t<\/div>\n\t\t\t\t\t<\/div>\n\t\t<\/section>\n\t\t\t\t<\/div>\n\t\t","protected":false},"excerpt":{"rendered":"<p>Mentions l\u00e9gales \u00c9diteur Lou Recantou de Bize Minervois. Si\u00e8ge Social Mairie de Bize minervois 11120. Responsable de la publication : Pr\u00e9sident en exercice. \u00a0 \u00a0 H\u00e9bergement LWS &#8211; 10 RUE DE PENTHIEVRE 75008 PARIS \u00a0 Droits de reproduction En application de la loi du 11 mars 1957 (art. 41) et du code de la propri\u00e9t\u00e9 intellectuelle du 1er juillet 1992, l&rsquo;ensemble des textes, illustrations, photographies, plans, dessins, animations, vid\u00e9os&#8230; contenus sur ce site Internet ne peuvent pas \u00eatre utilis\u00e9s ou reproduits sans obtention de l&rsquo;autorisation du concepteur. Toute personne figurant sur une photographie pourra demander que son visage soit dissimul\u00e9. \u00a0 Confidentialit\u00e9 Vu la d\u00e9lib\u00e9ration CNIL 2010-229 du 10 juin 2010 dispensant de d\u00e9claration les traitements automatis\u00e9s de donn\u00e9es \u00e0 caract\u00e8re personnel mis en \u0153uvre par des organismes \u00e0 but non lucratif, ce site n&rsquo;a pas \u00e0 faire l&rsquo;objet d&rsquo;une d\u00e9claration aupr\u00e8s de la Commission Nationale Informatique et Libert\u00e9s. (JORF n\u00b00155 du 7 juillet 2010 page texte n\u00b0 76) \u00a0 Organisation des spectacles Pour l&rsquo;organisation des th\u00e9s dansants, repas dansants et go\u00fbters spectacles : Licence 2 : Producteur de spectacles N\u00b0 2-1086535- D\u00e9tenteur Vincent Camelot &#8211; B\u00e9n\u00e9ficiaire Club des Aines Lou Recantou. \u00a0 Limitation de la responsabilit\u00e9 de l&rsquo;association \u00a0\u00bb Lou Recantou\u00a0\u00bb ne peut encourir aucune responsabilit\u00e9 du fait d&rsquo;erreurs, d&rsquo;omissions, ou pour les r\u00e9sultats qui pourraient \u00eatre obtenus par l&rsquo;usage des informations diffus\u00e9es sur ce site.<\/p>\n","protected":false},"author":2,"featured_media":0,"parent":0,"menu_order":0,"comment_status":"closed","ping_status":"closed","template":"elementor_canvas","meta":{"_uag_custom_page_level_css":"","footnotes":""},"class_list":["post-2678","page","type-page","status-publish","hentry"],"uagb_featured_image_src":{"full":false,"thumbnail":false,"medium":false,"medium_large":false,"large":false,"1536x1536":false,"2048x2048":false},"uagb_author_info":{"display_name":"Olivier De Winne","author_link":"https:\/\/recantoubize.fr\/Wordpress\/author\/olivier\/"},"uagb_comment_info":0,"uagb_excerpt":"Mentions l\u00e9gales \u00c9diteur Lou Recantou de Bize Minervois. Si\u00e8ge Social Mairie de Bize minervois 11120. Responsable de la publication : Pr\u00e9sident en exercice. \u00a0 \u00a0 H\u00e9bergement LWS &#8211; 10 RUE DE PENTHIEVRE 75008 PARIS \u00a0 Droits de reproduction En application de la loi du 11 mars 1957 (art. 41) et du code de la propri\u00e9t\u00e9\u2026","_links":{"self":[{"href":"https:\/\/recantoubize.fr\/Wordpress\/wp-json\/wp\/v2\/pages\/2678","targetHints":{"allow":["GET"]}}],"collection":[{"href":"https:\/\/recantoubize.fr\/Wordpress\/wp-json\/wp\/v2\/pages"}],"about":[{"href":"https:\/\/recantoubize.fr\/Wordpress\/wp-json\/wp\/v2\/types\/page"}],"author":[{"embeddable":true,"href":"https:\/\/recantoubize.fr\/Wordpress\/wp-json\/wp\/v2\/users\/2"}],"replies":[{"embeddable":true,"href":"https:\/\/recantoubize.fr\/Wordpress\/wp-json\/wp\/v2\/comments?post=2678"}],"version-history":[{"count":4,"href":"https:\/\/recantoubize.fr\/Wordpress\/wp-json\/wp\/v2\/pages\/2678\/revisions"}],"predecessor-version":[{"id":2683,"href":"https:\/\/recantoubize.fr\/Wordpress\/wp-json\/wp\/v2\/pages\/2678\/revisions\/2683"}],"wp:attachment":[{"href":"https:\/\/recantoubize.fr\/Wordpress\/wp-json\/wp\/v2\/media?parent=2678"}],"curies":[{"name":"wp","href":"https:\/\/api.w.org\/{rel}","templated":true}]}}