{"id":1534,"date":"2024-11-11T15:21:45","date_gmt":"2024-11-11T14:21:45","guid":{"rendered":"https:\/\/recantoubize.fr\/Wordpress\/?page_id=1534"},"modified":"2025-01-26T20:22:17","modified_gmt":"2025-01-26T19:22:17","slug":"scabble","status":"publish","type":"page","link":"https:\/\/recantoubize.fr\/Wordpress\/scabble\/","title":{"rendered":"Scrabble"},"content":{"rendered":"\t\t<div data-elementor-type=\"wp-page\" data-elementor-id=\"1534\" class=\"elementor elementor-1534\">\n\t\t\t\t\t\t<section class=\"elementor-section elementor-top-section elementor-element elementor-element-592dc9cd elementor-section-boxed elementor-section-height-default elementor-section-height-default wpr-particle-no wpr-jarallax-no wpr-parallax-no wpr-sticky-section-no\" data-id=\"592dc9cd\" data-element_type=\"section\" data-e-type=\"section\" data-settings=\"{&quot;background_background&quot;:&quot;classic&quot;}\">\n\t\t\t\t\t\t\t<div class=\"elementor-background-overlay\"><\/div>\n\t\t\t\t\t\t\t<div class=\"elementor-container elementor-column-gap-default\">\n\t\t\t\t\t<div class=\"elementor-column elementor-col-100 elementor-top-column elementor-element elementor-element-1e2a15e1\" data-id=\"1e2a15e1\" data-element_type=\"column\" data-e-type=\"column\">\n\t\t\t<div class=\"elementor-widget-wrap elementor-element-populated\">\n\t\t\t\t\t\t<div class=\"elementor-element elementor-element-5c96f48f elementor-widget elementor-widget-heading\" data-id=\"5c96f48f\" data-element_type=\"widget\" data-e-type=\"widget\" data-widget_type=\"heading.default\">\n\t\t\t\t<div class=\"elementor-widget-container\">\n\t\t\t\t\t<h2 class=\"elementor-heading-title elementor-size-default\">Scrabble<\/h2>\t\t\t\t<\/div>\n\t\t\t\t<\/div>\n\t\t\t\t<div class=\"elementor-element elementor-element-4e410265 elementor-widget elementor-widget-spacer\" data-id=\"4e410265\" data-element_type=\"widget\" data-e-type=\"widget\" data-widget_type=\"spacer.default\">\n\t\t\t\t<div class=\"elementor-widget-container\">\n\t\t\t\t\t\t\t<div class=\"elementor-spacer\">\n\t\t\t<div class=\"elementor-spacer-inner\"><\/div>\n\t\t<\/div>\n\t\t\t\t\t\t<\/div>\n\t\t\t\t<\/div>\n\t\t\t\t<div class=\"elementor-element elementor-element-3d099ca1 elementor-widget elementor-widget-text-editor\" data-id=\"3d099ca1\" data-element_type=\"widget\" data-e-type=\"widget\" data-widget_type=\"text-editor.default\">\n\t\t\t\t<div class=\"elementor-widget-container\">\n\t\t\t\t\t\t\t\t\t<p>M\u00ealant jeu de lettres et strat\u00e9gie, le Scrabble a \u00e9t\u00e9 commercialis\u00e9 pour la premi\u00e8re fois en France le 19 janvier 1955<\/p>\t\t\t\t\t\t\t\t<\/div>\n\t\t\t\t<\/div>\n\t\t\t\t\t<\/div>\n\t\t<\/div>\n\t\t\t\t\t<\/div>\n\t\t<\/section>\n\t\t\t\t<section class=\"elementor-section elementor-top-section elementor-element elementor-element-51eb655f elementor-section-boxed elementor-section-height-default elementor-section-height-default wpr-particle-no wpr-jarallax-no wpr-parallax-no wpr-sticky-section-no\" data-id=\"51eb655f\" data-element_type=\"section\" data-e-type=\"section\">\n\t\t\t\t\t\t<div class=\"elementor-container elementor-column-gap-wide\">\n\t\t\t\t\t<div class=\"elementor-column elementor-col-50 elementor-top-column elementor-element elementor-element-1848b64c\" data-id=\"1848b64c\" data-element_type=\"column\" data-e-type=\"column\">\n\t\t\t<div class=\"elementor-widget-wrap elementor-element-populated\">\n\t\t\t\t\t\t<div class=\"elementor-element elementor-element-54c93e7a elementor-widget elementor-widget-image\" data-id=\"54c93e7a\" data-element_type=\"widget\" data-e-type=\"widget\" data-widget_type=\"image.default\">\n\t\t\t\t<div class=\"elementor-widget-container\">\n\t\t\t\t\t\t\t\t\t\t\t\t\t\t\t<img fetchpriority=\"high\" decoding=\"async\" width=\"349\" height=\"236\" src=\"https:\/\/recantoubize.fr\/Wordpress\/wp-content\/uploads\/2024\/11\/Screenshot-2024-11-11-152447.jpg\" class=\"attachment-full size-full wp-image-1537\" alt=\"\" srcset=\"https:\/\/recantoubize.fr\/Wordpress\/wp-content\/uploads\/2024\/11\/Screenshot-2024-11-11-152447.jpg 349w, https:\/\/recantoubize.fr\/Wordpress\/wp-content\/uploads\/2024\/11\/Screenshot-2024-11-11-152447-300x203.jpg 300w\" sizes=\"(max-width: 349px) 100vw, 349px\" \/>\t\t\t\t\t\t\t\t\t\t\t\t\t\t\t<\/div>\n\t\t\t\t<\/div>\n\t\t\t\t\t<\/div>\n\t\t<\/div>\n\t\t\t\t<div class=\"elementor-column elementor-col-50 elementor-top-column elementor-element elementor-element-a8fccce\" data-id=\"a8fccce\" data-element_type=\"column\" data-e-type=\"column\">\n\t\t\t<div class=\"elementor-widget-wrap elementor-element-populated\">\n\t\t\t\t\t\t<div class=\"elementor-element elementor-element-40114b77 elementor-widget elementor-widget-heading\" data-id=\"40114b77\" data-element_type=\"widget\" data-e-type=\"widget\" data-widget_type=\"heading.default\">\n\t\t\t\t<div class=\"elementor-widget-container\">\n\t\t\t\t\t<h2 class=\"elementor-heading-title elementor-size-default\">Duel des mots<\/h2>\t\t\t\t<\/div>\n\t\t\t\t<\/div>\n\t\t\t\t<div class=\"elementor-element elementor-element-33706e3 elementor-widget elementor-widget-text-editor\" data-id=\"33706e3\" data-element_type=\"widget\" data-e-type=\"widget\" data-widget_type=\"text-editor.default\">\n\t\t\t\t<div class=\"elementor-widget-container\">\n\t\t\t\t\t\t\t\t\t<p>Activez (mod\u00e9r\u00e9ment) vos neurones et venez nous rejoindre pour jouer au SCRABBLE au Club<strong> le mercredi \u00e0 14h00.<\/strong><\/p>\t\t\t\t\t\t\t\t<\/div>\n\t\t\t\t<\/div>\n\t\t\t\t<div class=\"elementor-element elementor-element-3b5300a2 elementor-widget elementor-widget-text-editor\" data-id=\"3b5300a2\" data-element_type=\"widget\" data-e-type=\"widget\" data-widget_type=\"text-editor.default\">\n\t\t\t\t<div class=\"elementor-widget-container\">\n\t\t\t\t\t\t\t\t\t<p>Nous jouons en DUPLICATE (1) ce qui permet \u00e0 chacun quel que soit son niveau de jouer avec sa propre grille (comme en championnat), de s&rsquo;amuser et surtout de progresser rapidement, chacun ayant \u00e0 apprendre des autres joueurs. Il n&rsquo;est pas question de comp\u00e9tition mais seulement d&rsquo;un entra\u00eenement \u201ccool\u201d et sympathique. N&rsquo;h\u00e9sitez pas \u00e0 venir m\u00eame si vous n&rsquo;avez jou\u00e9 qu&rsquo;en famille ou m\u00eame si vous n&rsquo;avez jamais jou\u00e9. Je dispose de quelques jeux mais, si vous avez le v\u00f4tre, il serait opportun de l&rsquo;apporter. Je compte sur vous et \u00e0 bient\u00f4t j&rsquo;esp\u00e8re,<\/p>\t\t\t\t\t\t\t\t<\/div>\n\t\t\t\t<\/div>\n\t\t\t\t<div class=\"elementor-element elementor-element-dfdcc37 elementor-widget elementor-widget-text-editor\" data-id=\"dfdcc37\" data-element_type=\"widget\" data-e-type=\"widget\" data-widget_type=\"text-editor.default\">\n\t\t\t\t<div class=\"elementor-widget-container\">\n\t\t\t\t\t\t\t\t\t<p>(1) DUPLICATE : chaque joueur dispose sa propre grille et tous les joueurs ont les m\u00eames lettres, donc personne n&rsquo;est avantag\u00e9 ou d\u00e9savantag\u00e9 par le tirage.<\/p>\t\t\t\t\t\t\t\t<\/div>\n\t\t\t\t<\/div>\n\t\t\t\t<div class=\"elementor-element elementor-element-beb71e0 elementor-widget elementor-widget-text-editor\" data-id=\"beb71e0\" data-element_type=\"widget\" data-e-type=\"widget\" data-widget_type=\"text-editor.default\">\n\t\t\t\t<div class=\"elementor-widget-container\">\n\t\t\t\t\t\t\t\t\t<p>Responsables : Maryse et Claude&nbsp;<\/p>\t\t\t\t\t\t\t\t<\/div>\n\t\t\t\t<\/div>\n\t\t\t\t\t<\/div>\n\t\t<\/div>\n\t\t\t\t\t<\/div>\n\t\t<\/section>\n\t\t\t\t<section class=\"elementor-section elementor-top-section elementor-element elementor-element-435febfd elementor-section-boxed elementor-section-height-default elementor-section-height-default wpr-particle-no wpr-jarallax-no wpr-parallax-no wpr-sticky-section-no\" data-id=\"435febfd\" data-element_type=\"section\" data-e-type=\"section\">\n\t\t\t\t\t\t\t<div class=\"elementor-background-overlay\"><\/div>\n\t\t\t\t\t\t\t<div class=\"elementor-container elementor-column-gap-default\">\n\t\t\t\t\t<div class=\"elementor-column elementor-col-100 elementor-top-column elementor-element elementor-element-308bfe1f\" data-id=\"308bfe1f\" data-element_type=\"column\" data-e-type=\"column\">\n\t\t\t<div class=\"elementor-widget-wrap elementor-element-populated\">\n\t\t\t\t\t\t<div class=\"elementor-element elementor-element-4465069e elementor-widget elementor-widget-heading\" data-id=\"4465069e\" data-element_type=\"widget\" data-e-type=\"widget\" data-widget_type=\"heading.default\">\n\t\t\t\t<div class=\"elementor-widget-container\">\n\t\t\t\t\t<h2 class=\"elementor-heading-title elementor-size-default\">Quelques photos<\/h2>\t\t\t\t<\/div>\n\t\t\t\t<\/div>\n\t\t\t\t<div class=\"elementor-element elementor-element-7672f923 wpr-grid-columns-3 wpr-grid-columns--laptop3 wpr-grid-columns--tablet2 wpr-grid-columns--mobile1 wpr-grid-pagination-center wpr-item-styles-inner elementor-widget elementor-widget-wpr-grid\" data-id=\"7672f923\" data-element_type=\"widget\" data-e-type=\"widget\" data-widget_type=\"wpr-grid.default\">\n\t\t\t\t<div class=\"elementor-widget-container\">\n\t\t\t\t\t<ul class=\"wpr-grid-filters elementor-clearfix wpr-grid-filters-sep-right\"><li class=\" wpr-pointer-none wpr-pointer-line-fx wpr-pointer-fx-none\"><span  data-filter=\"*\" class=\"wpr-grid-filters-item wpr-active-filter \">All Posts<\/span><em class=\"wpr-grid-filters-sep\"><\/em><\/li><ul data-parent=\".category-activites-regulieres\" class=\"wpr-sub-filters\"><li data-role=\"back\" class=\" wpr-pointer-none wpr-pointer-line-fx wpr-pointer-fx-none\"><span class=\"wpr-back-filter\"  data-ajax-filter=[\"category\",\"activites-regulieres\"]  data-filter=\".category-activites-regulieres\"><i class=\"fas fa-long-arrow-alt-left\"><\/i>&nbsp;&nbsp;Back<\/span><\/li><li data-role=\"sub\" class=\" wpr-pointer-none wpr-pointer-line-fx wpr-pointer-fx-none\"><span   data-ajax-filter=[\"category\",\"peinture\"]  data-filter=\".category-peinture\">Peinture<\/span><em class=\"wpr-grid-filters-sep\"><\/em><\/li><li data-role=\"sub\" class=\" wpr-pointer-none wpr-pointer-line-fx wpr-pointer-fx-none\"><span   data-ajax-filter=[\"category\",\"couture\"]  data-filter=\".category-couture\">Couture<\/span><em class=\"wpr-grid-filters-sep\"><\/em><\/li><li data-role=\"sub\" class=\" wpr-pointer-none wpr-pointer-line-fx wpr-pointer-fx-none\"><span   data-ajax-filter=[\"category\",\"chorale\"]  data-filter=\".category-chorale\">Chorale<\/span><em class=\"wpr-grid-filters-sep\"><\/em><\/li><li data-role=\"sub\" class=\" wpr-pointer-none wpr-pointer-line-fx wpr-pointer-fx-none\"><span   data-ajax-filter=[\"category\",\"photo\"]  data-filter=\".category-photo\">Photo<\/span><em class=\"wpr-grid-filters-sep\"><\/em><\/li><li data-role=\"sub\" class=\" wpr-pointer-none wpr-pointer-line-fx wpr-pointer-fx-none\"><span   data-ajax-filter=[\"category\",\"tennis\"]  data-filter=\".category-tennis\">Tennis<\/span><em class=\"wpr-grid-filters-sep\"><\/em><\/li><li data-role=\"sub\" class=\" wpr-pointer-none wpr-pointer-line-fx wpr-pointer-fx-none\"><span   data-ajax-filter=[\"category\",\"tennis-de-table\"]  data-filter=\".category-tennis-de-table\">Tennis de Table<\/span><em class=\"wpr-grid-filters-sep\"><\/em><\/li><li data-role=\"sub\" class=\" wpr-pointer-none wpr-pointer-line-fx wpr-pointer-fx-none\"><span   data-ajax-filter=[\"category\",\"dictee\"]  data-filter=\".category-dictee\">Dict\u00e9e<\/span><em class=\"wpr-grid-filters-sep\"><\/em><\/li><li data-role=\"sub\" class=\" wpr-pointer-none wpr-pointer-line-fx wpr-pointer-fx-none\"><span   data-ajax-filter=[\"category\",\"marche\"]  data-filter=\".category-marche\">Marche<\/span><em class=\"wpr-grid-filters-sep\"><\/em><\/li><li data-role=\"sub\" class=\" wpr-pointer-none wpr-pointer-line-fx wpr-pointer-fx-none\"><span   data-ajax-filter=[\"category\",\"randonnee\"]  data-filter=\".category-randonnee\">Randonn\u00e9e<\/span><em class=\"wpr-grid-filters-sep\"><\/em><\/li><li data-role=\"sub\" class=\" wpr-pointer-none wpr-pointer-line-fx wpr-pointer-fx-none\"><span   data-ajax-filter=[\"category\",\"bizbiz-fleurs\"]  data-filter=\".category-bizbiz-fleurs\">BizBiz Fleurs<\/span><em class=\"wpr-grid-filters-sep\"><\/em><\/li><li data-role=\"sub\" class=\" wpr-pointer-none wpr-pointer-line-fx wpr-pointer-fx-none\"><span   data-ajax-filter=[\"category\",\"scrabble\"]  data-filter=\".category-scrabble\">Scrabble<\/span><em class=\"wpr-grid-filters-sep\"><\/em><\/li><li data-role=\"sub\" class=\" wpr-pointer-none wpr-pointer-line-fx wpr-pointer-fx-none\"><span   data-ajax-filter=[\"category\",\"qi-gong\"]  data-filter=\".category-qi-gong\">Qi gong<\/span><em class=\"wpr-grid-filters-sep\"><\/em><\/li><\/ul><\/ul><section class=\"wpr-grid elementor-clearfix\" data-settings=\"{&quot;layout&quot;:&quot;fitRows&quot;,&quot;stick_last_element_to_bottom&quot;:&quot;&quot;,&quot;columns_desktop&quot;:3,&quot;gutter_hr&quot;:15,&quot;gutter_hr_mobile&quot;:15,&quot;gutter_hr_mobile_extra&quot;:15,&quot;gutter_hr_tablet&quot;:15,&quot;gutter_hr_tablet_extra&quot;:15,&quot;gutter_hr_laptop&quot;:15,&quot;gutter_hr_widescreen&quot;:15,&quot;gutter_vr&quot;:15,&quot;gutter_vr_mobile&quot;:15,&quot;gutter_vr_mobile_extra&quot;:15,&quot;gutter_vr_tablet&quot;:15,&quot;gutter_vr_tablet_extra&quot;:15,&quot;gutter_vr_laptop&quot;:15,&quot;gutter_vr_widescreen&quot;:15,&quot;animation&quot;:&quot;default&quot;,&quot;animation_duration&quot;:0.29999999999999999,&quot;animation_delay&quot;:0.10000000000000001,&quot;deeplinking&quot;:&quot;&quot;,&quot;filters_linkable&quot;:&quot;no&quot;,&quot;filters_default_filter&quot;:&quot;&quot;,&quot;filters_count&quot;:&quot;&quot;,&quot;filters_hide_empty&quot;:&quot;no&quot;,&quot;filters_animation&quot;:&quot;default&quot;,&quot;filters_animation_duration&quot;:0.29999999999999999,&quot;filters_animation_delay&quot;:0.10000000000000001,&quot;pagination_type&quot;:&quot;load-more&quot;,&quot;pagination_max_pages&quot;:1,&quot;lightbox&quot;:{&quot;selector&quot;:&quot;.wpr-grid-image-wrap&quot;,&quot;iframeMaxWidth&quot;:&quot;60%&quot;,&quot;hash&quot;:false,&quot;autoplay&quot;:&quot;true&quot;,&quot;pause&quot;:5000,&quot;progressBar&quot;:&quot;true&quot;,&quot;counter&quot;:&quot;true&quot;,&quot;controls&quot;:&quot;true&quot;,&quot;getCaptionFromTitleOrAlt&quot;:&quot;true&quot;,&quot;thumbnail&quot;:&quot;&quot;,&quot;showThumbByDefault&quot;:&quot;&quot;,&quot;share&quot;:&quot;&quot;,&quot;zoom&quot;:&quot;true&quot;,&quot;fullScreen&quot;:&quot;true&quot;,&quot;download&quot;:&quot;true&quot;}}\" data-advanced-filters=\"no\"><article class=\"wpr-grid-item elementor-clearfix post-3305 post type-post status-publish format-standard has-post-thumbnail hentry category-activites-regulieres category-scrabble\"><div class=\"wpr-grid-item-inner\"><div class=\"wpr-grid-media-wrap wpr-effect-size-medium \" data-overlay-link=\"yes\"><div class=\"wpr-grid-image-wrap\" data-src=\"https:\/\/recantoubize.fr\/Wordpress\/wp-content\/uploads\/2025\/01\/20250115_1519151.jpg\" data-img-on-hover=\"\"  data-src-secondary=\"\"><img decoding=\"async\" data-no-lazy=\"1\" src=\"https:\/\/recantoubize.fr\/Wordpress\/wp-content\/uploads\/2025\/01\/20250115_1519151.jpg\" alt=\"Mercredi  15\/01\/2025\" class=\"wpr-anim-timing-ease-default\"><\/div><div class=\"wpr-grid-media-hover wpr-animation-wrap\"><div class=\"wpr-grid-media-hover-bg  wpr-overlay-fade-in wpr-anim-size-large wpr-anim-timing-ease-default wpr-anim-transparency\" data-url=\"https:\/\/recantoubize.fr\/Wordpress\/2025\/01\/16\/mercredi-15-01-2025\/\"><\/div><\/div><\/div><div class=\"wpr-grid-item-below-content elementor-clearfix\"><h2 class=\"wpr-grid-item-title elementor-repeater-item-c746a49 wpr-grid-item-display-block wpr-grid-item-align-left wpr-pointer-none wpr-pointer-line-fx wpr-pointer-fx-fade\"><div class=\"inner-block\"><a target=\"_self\"  href=\"https:\/\/recantoubize.fr\/Wordpress\/2025\/01\/16\/mercredi-15-01-2025\/\">Mercredi 15\/01\/2025<\/a><\/div><\/h2><div class=\"wpr-grid-item-date elementor-repeater-item-ae84827 wpr-grid-item-display-inline wpr-grid-item-align-left\"><div class=\"inner-block\"><span>16 janvier 2025<span class=\"wpr-grid-extra-text-right\">\/<\/span><\/span><\/div><\/div><div class=\"wpr-grid-item-comments elementor-repeater-item-6d6e040 wpr-grid-item-display-inline wpr-grid-item-align-left\"><div class=\"inner-block\"><a href=\"https:\/\/recantoubize.fr\/Wordpress\/2025\/01\/16\/mercredi-15-01-2025\/#respond\"><span>No Comments<\/span><\/a><\/div><\/div><div class=\"wpr-grid-item-excerpt elementor-repeater-item-c7aac80 wpr-grid-item-display-block wpr-grid-item-align-left\"><div class=\"inner-block\"><p>Moment r\u00e9cr\u00e9atif et intellectuel du mercredi apr\u00e8s midi.<\/p><\/div><\/div><div class=\"wpr-grid-item-read-more elementor-repeater-item-1643ed7 wpr-grid-item-display-block wpr-grid-item-align-left\"><div class=\"inner-block\"><a target=\"_self\" href=\"https:\/\/recantoubize.fr\/Wordpress\/2025\/01\/16\/mercredi-15-01-2025\/\" class=\"wpr-button-effect wpr-button-none\"><span>Read More<\/span><\/a><\/div><\/div><\/div><\/div><\/article><article class=\"wpr-grid-item elementor-clearfix post-1546 post type-post status-publish format-standard has-post-thumbnail hentry category-activites-regulieres category-scrabble\"><div class=\"wpr-grid-item-inner\"><div class=\"wpr-grid-media-wrap wpr-effect-size-medium \" data-overlay-link=\"yes\"><div class=\"wpr-grid-image-wrap\" data-src=\"https:\/\/recantoubize.fr\/Wordpress\/wp-content\/uploads\/2024\/11\/scrabble3.jpg\" data-img-on-hover=\"\"  data-src-secondary=\"\"><img decoding=\"async\" data-no-lazy=\"1\" src=\"https:\/\/recantoubize.fr\/Wordpress\/wp-content\/uploads\/2024\/11\/scrabble3.jpg\" alt=\"Scrabble fevrier 2022\u00a0\u00a0\u00a0\u00a0\" class=\"wpr-anim-timing-ease-default\"><\/div><div class=\"wpr-grid-media-hover wpr-animation-wrap\"><div class=\"wpr-grid-media-hover-bg  wpr-overlay-fade-in wpr-anim-size-large wpr-anim-timing-ease-default wpr-anim-transparency\" data-url=\"https:\/\/recantoubize.fr\/Wordpress\/2024\/11\/11\/scrabble-fevrier-2022\/\"><\/div><\/div><\/div><div class=\"wpr-grid-item-below-content elementor-clearfix\"><h2 class=\"wpr-grid-item-title elementor-repeater-item-c746a49 wpr-grid-item-display-block wpr-grid-item-align-left wpr-pointer-none wpr-pointer-line-fx wpr-pointer-fx-fade\"><div class=\"inner-block\"><a target=\"_self\"  href=\"https:\/\/recantoubize.fr\/Wordpress\/2024\/11\/11\/scrabble-fevrier-2022\/\">Scrabble fevrier 2022\u00a0\u00a0\u00a0\u00a0<\/a><\/div><\/h2><div class=\"wpr-grid-item-date elementor-repeater-item-ae84827 wpr-grid-item-display-inline wpr-grid-item-align-left\"><div class=\"inner-block\"><span>11 novembre 2024<span class=\"wpr-grid-extra-text-right\">\/<\/span><\/span><\/div><\/div><div class=\"wpr-grid-item-comments elementor-repeater-item-6d6e040 wpr-grid-item-display-inline wpr-grid-item-align-left\"><div class=\"inner-block\"><a href=\"https:\/\/recantoubize.fr\/Wordpress\/2024\/11\/11\/scrabble-fevrier-2022\/#respond\"><span>No Comments<\/span><\/a><\/div><\/div><div class=\"wpr-grid-item-read-more elementor-repeater-item-1643ed7 wpr-grid-item-display-block wpr-grid-item-align-left\"><div class=\"inner-block\"><a target=\"_self\" href=\"https:\/\/recantoubize.fr\/Wordpress\/2024\/11\/11\/scrabble-fevrier-2022\/\" class=\"wpr-button-effect wpr-button-none\"><span>Read More<\/span><\/a><\/div><\/div><\/div><\/div><\/article><article class=\"wpr-grid-item elementor-clearfix post-1541 post type-post status-publish format-standard has-post-thumbnail hentry category-activites-regulieres category-scrabble\"><div class=\"wpr-grid-item-inner\"><div class=\"wpr-grid-media-wrap wpr-effect-size-medium \" data-overlay-link=\"yes\"><div class=\"wpr-grid-image-wrap\" data-src=\"https:\/\/recantoubize.fr\/Wordpress\/wp-content\/uploads\/2024\/11\/scrabbleun.jpg\" data-img-on-hover=\"\"  data-src-secondary=\"\"><img decoding=\"async\" data-no-lazy=\"1\" src=\"https:\/\/recantoubize.fr\/Wordpress\/wp-content\/uploads\/2024\/11\/scrabbleun.jpg\" alt=\"Scrabble mars avril 2021\" class=\"wpr-anim-timing-ease-default\"><\/div><div class=\"wpr-grid-media-hover wpr-animation-wrap\"><div class=\"wpr-grid-media-hover-bg  wpr-overlay-fade-in wpr-anim-size-large wpr-anim-timing-ease-default wpr-anim-transparency\" data-url=\"https:\/\/recantoubize.fr\/Wordpress\/2024\/11\/11\/scrabble-mars-avril-2021\/\"><\/div><\/div><\/div><div class=\"wpr-grid-item-below-content elementor-clearfix\"><h2 class=\"wpr-grid-item-title elementor-repeater-item-c746a49 wpr-grid-item-display-block wpr-grid-item-align-left wpr-pointer-none wpr-pointer-line-fx wpr-pointer-fx-fade\"><div class=\"inner-block\"><a target=\"_self\"  href=\"https:\/\/recantoubize.fr\/Wordpress\/2024\/11\/11\/scrabble-mars-avril-2021\/\">Scrabble mars avril 2021<\/a><\/div><\/h2><div class=\"wpr-grid-item-date elementor-repeater-item-ae84827 wpr-grid-item-display-inline wpr-grid-item-align-left\"><div class=\"inner-block\"><span>11 novembre 2024<span class=\"wpr-grid-extra-text-right\">\/<\/span><\/span><\/div><\/div><div class=\"wpr-grid-item-comments elementor-repeater-item-6d6e040 wpr-grid-item-display-inline wpr-grid-item-align-left\"><div class=\"inner-block\"><a href=\"https:\/\/recantoubize.fr\/Wordpress\/2024\/11\/11\/scrabble-mars-avril-2021\/#respond\"><span>No Comments<\/span><\/a><\/div><\/div><div class=\"wpr-grid-item-excerpt elementor-repeater-item-c7aac80 wpr-grid-item-display-block wpr-grid-item-align-left\"><div class=\"inner-block\"><p>Mars 2021. Cette semaine Danielle a fait un joli coup, un mot de 7 lettres, un scrabble donc, qui a...<\/p><\/div><\/div><div class=\"wpr-grid-item-read-more elementor-repeater-item-1643ed7 wpr-grid-item-display-block wpr-grid-item-align-left\"><div class=\"inner-block\"><a target=\"_self\" href=\"https:\/\/recantoubize.fr\/Wordpress\/2024\/11\/11\/scrabble-mars-avril-2021\/\" class=\"wpr-button-effect wpr-button-none\"><span>Read More<\/span><\/a><\/div><\/div><\/div><\/div><\/article><\/section>\t\t\t\t<\/div>\n\t\t\t\t<\/div>\n\t\t\t\t<div class=\"elementor-element elementor-element-56f3c4c3 elementor-widget elementor-widget-spacer\" data-id=\"56f3c4c3\" data-element_type=\"widget\" data-e-type=\"widget\" data-widget_type=\"spacer.default\">\n\t\t\t\t<div class=\"elementor-widget-container\">\n\t\t\t\t\t\t\t<div class=\"elementor-spacer\">\n\t\t\t<div class=\"elementor-spacer-inner\"><\/div>\n\t\t<\/div>\n\t\t\t\t\t\t<\/div>\n\t\t\t\t<\/div>\n\t\t\t\t\t<\/div>\n\t\t<\/div>\n\t\t\t\t\t<\/div>\n\t\t<\/section>\n\t\t\t\t<\/div>\n\t\t","protected":false},"excerpt":{"rendered":"<p>Scrabble M\u00ealant jeu de lettres et strat\u00e9gie, le Scrabble a \u00e9t\u00e9 commercialis\u00e9 pour la premi\u00e8re fois en France le 19 janvier 1955 Duel des mots Activez (mod\u00e9r\u00e9ment) vos neurones et venez nous rejoindre pour jouer au SCRABBLE au Club le mercredi \u00e0 14h00. Nous jouons en DUPLICATE (1) ce qui permet \u00e0 chacun quel que soit son niveau de jouer avec sa propre grille (comme en championnat), de s&rsquo;amuser et surtout de progresser rapidement, chacun ayant \u00e0 apprendre des autres joueurs. Il n&rsquo;est pas question de comp\u00e9tition mais seulement d&rsquo;un entra\u00eenement \u201ccool\u201d et sympathique. N&rsquo;h\u00e9sitez pas \u00e0 venir m\u00eame si vous n&rsquo;avez jou\u00e9 qu&rsquo;en famille ou m\u00eame si vous n&rsquo;avez jamais jou\u00e9. Je dispose de quelques jeux mais, si vous avez le v\u00f4tre, il serait opportun de l&rsquo;apporter. Je compte sur vous et \u00e0 bient\u00f4t j&rsquo;esp\u00e8re, (1) DUPLICATE : chaque joueur dispose sa propre grille et tous les joueurs ont les m\u00eames lettres, donc personne n&rsquo;est avantag\u00e9 ou d\u00e9savantag\u00e9 par le tirage. Responsables : Maryse et Claude&nbsp; Quelques photos All Posts &nbsp;&nbsp;Back Peinture Couture Chorale Photo Tennis Tennis de Table Dict\u00e9e Marche Randonn\u00e9e BizBiz Fleurs Scrabble Mercredi 15\/01\/2025 16 janvier 2025\/No Comments Moment r\u00e9cr\u00e9atif et intellectuel du mercredi apr\u00e8s midi. Read More Scrabble fevrier 2022\u00a0\u00a0\u00a0\u00a0 11 novembre 2024\/No CommentsRead More Scrabble mars avril 2021 11 novembre 2024\/No Comments Mars 2021. Cette semaine Danielle a fait un joli coup, un mot de 7 lettres, un scrabble donc, qui a\u2026 Read More<\/p>\n","protected":false},"author":2,"featured_media":0,"parent":0,"menu_order":0,"comment_status":"closed","ping_status":"closed","template":"elementor_canvas","meta":{"_uag_custom_page_level_css":"","footnotes":""},"class_list":["post-1534","page","type-page","status-publish","hentry"],"uagb_featured_image_src":{"full":false,"thumbnail":false,"medium":false,"medium_large":false,"large":false,"1536x1536":false,"2048x2048":false},"uagb_author_info":{"display_name":"Olivier De Winne","author_link":"https:\/\/recantoubize.fr\/Wordpress\/author\/olivier\/"},"uagb_comment_info":0,"uagb_excerpt":"Scrabble M\u00ealant jeu de lettres et strat\u00e9gie, le Scrabble a \u00e9t\u00e9 commercialis\u00e9 pour la premi\u00e8re fois en France le 19 janvier 1955 Duel des mots Activez (mod\u00e9r\u00e9ment) vos neurones et venez nous rejoindre pour jouer au SCRABBLE au Club le mercredi \u00e0 14h00. Nous jouons en DUPLICATE (1) ce qui permet \u00e0 chacun quel que\u2026","_links":{"self":[{"href":"https:\/\/recantoubize.fr\/Wordpress\/wp-json\/wp\/v2\/pages\/1534","targetHints":{"allow":["GET"]}}],"collection":[{"href":"https:\/\/recantoubize.fr\/Wordpress\/wp-json\/wp\/v2\/pages"}],"about":[{"href":"https:\/\/recantoubize.fr\/Wordpress\/wp-json\/wp\/v2\/types\/page"}],"author":[{"embeddable":true,"href":"https:\/\/recantoubize.fr\/Wordpress\/wp-json\/wp\/v2\/users\/2"}],"replies":[{"embeddable":true,"href":"https:\/\/recantoubize.fr\/Wordpress\/wp-json\/wp\/v2\/comments?post=1534"}],"version-history":[{"count":23,"href":"https:\/\/recantoubize.fr\/Wordpress\/wp-json\/wp\/v2\/pages\/1534\/revisions"}],"predecessor-version":[{"id":3390,"href":"https:\/\/recantoubize.fr\/Wordpress\/wp-json\/wp\/v2\/pages\/1534\/revisions\/3390"}],"wp:attachment":[{"href":"https:\/\/recantoubize.fr\/Wordpress\/wp-json\/wp\/v2\/media?parent=1534"}],"curies":[{"name":"wp","href":"https:\/\/api.w.org\/{rel}","templated":true}]}}