{"id":1507,"date":"2024-11-11T15:03:05","date_gmt":"2024-11-11T14:03:05","guid":{"rendered":"https:\/\/recantoubize.fr\/Wordpress\/?page_id=1507"},"modified":"2024-11-11T15:20:40","modified_gmt":"2024-11-11T14:20:40","slug":"dictee","status":"publish","type":"page","link":"https:\/\/recantoubize.fr\/Wordpress\/dictee\/","title":{"rendered":"Dict\u00e9e"},"content":{"rendered":"\t\t<div data-elementor-type=\"wp-page\" data-elementor-id=\"1507\" class=\"elementor elementor-1507\">\n\t\t\t\t\t\t<section class=\"elementor-section elementor-top-section elementor-element elementor-element-213c27f4 elementor-section-boxed elementor-section-height-default elementor-section-height-default wpr-particle-no wpr-jarallax-no wpr-parallax-no wpr-sticky-section-no\" data-id=\"213c27f4\" data-element_type=\"section\" data-e-type=\"section\" data-settings=\"{&quot;background_background&quot;:&quot;classic&quot;}\">\n\t\t\t\t\t\t\t<div class=\"elementor-background-overlay\"><\/div>\n\t\t\t\t\t\t\t<div class=\"elementor-container elementor-column-gap-default\">\n\t\t\t\t\t<div class=\"elementor-column elementor-col-100 elementor-top-column elementor-element elementor-element-4cef9c79\" data-id=\"4cef9c79\" data-element_type=\"column\" data-e-type=\"column\">\n\t\t\t<div class=\"elementor-widget-wrap elementor-element-populated\">\n\t\t\t\t\t\t<div class=\"elementor-element elementor-element-721be1de elementor-widget elementor-widget-heading\" data-id=\"721be1de\" data-element_type=\"widget\" data-e-type=\"widget\" data-widget_type=\"heading.default\">\n\t\t\t\t<div class=\"elementor-widget-container\">\n\t\t\t\t\t<h2 class=\"elementor-heading-title elementor-size-default\">Dict\u00e9e<\/h2>\t\t\t\t<\/div>\n\t\t\t\t<\/div>\n\t\t\t\t<div class=\"elementor-element elementor-element-6d185537 elementor-widget elementor-widget-spacer\" data-id=\"6d185537\" data-element_type=\"widget\" data-e-type=\"widget\" data-widget_type=\"spacer.default\">\n\t\t\t\t<div class=\"elementor-widget-container\">\n\t\t\t\t\t\t\t<div class=\"elementor-spacer\">\n\t\t\t<div class=\"elementor-spacer-inner\"><\/div>\n\t\t<\/div>\n\t\t\t\t\t\t<\/div>\n\t\t\t\t<\/div>\n\t\t\t\t<div class=\"elementor-element elementor-element-110af9cd elementor-widget elementor-widget-text-editor\" data-id=\"110af9cd\" data-element_type=\"widget\" data-e-type=\"widget\" data-widget_type=\"text-editor.default\">\n\t\t\t\t<div class=\"elementor-widget-container\">\n\t\t\t\t\t\t\t\t\t<p>L&rsquo;orthographe est invent\u00e9e par l&rsquo;Acad\u00e9mie au XVIIe si\u00e8cle mais il faut attendre 200 ans pour que les premi\u00e8res dict\u00e9es voient le jour&#8230; \u00e0 l&rsquo;\u00e9cole ou \u00e0 la cour de Napol\u00e9on III&#8230;&#8230;&#8230;.<\/p>\t\t\t\t\t\t\t\t<\/div>\n\t\t\t\t<\/div>\n\t\t\t\t\t<\/div>\n\t\t<\/div>\n\t\t\t\t\t<\/div>\n\t\t<\/section>\n\t\t\t\t<section class=\"elementor-section elementor-top-section elementor-element elementor-element-5b2856f5 elementor-section-boxed elementor-section-height-default elementor-section-height-default wpr-particle-no wpr-jarallax-no wpr-parallax-no wpr-sticky-section-no\" data-id=\"5b2856f5\" data-element_type=\"section\" data-e-type=\"section\">\n\t\t\t\t\t\t<div class=\"elementor-container elementor-column-gap-wide\">\n\t\t\t\t\t<div class=\"elementor-column elementor-col-50 elementor-top-column elementor-element elementor-element-66040a51\" data-id=\"66040a51\" data-element_type=\"column\" data-e-type=\"column\">\n\t\t\t<div class=\"elementor-widget-wrap elementor-element-populated\">\n\t\t\t\t\t\t<div class=\"elementor-element elementor-element-449db2d2 elementor-widget elementor-widget-image\" data-id=\"449db2d2\" data-element_type=\"widget\" data-e-type=\"widget\" data-widget_type=\"image.default\">\n\t\t\t\t<div class=\"elementor-widget-container\">\n\t\t\t\t\t\t\t\t\t\t\t\t\t\t\t<img fetchpriority=\"high\" decoding=\"async\" width=\"444\" height=\"286\" src=\"https:\/\/recantoubize.fr\/Wordpress\/wp-content\/uploads\/2024\/11\/Screenshot-2024-11-11-150538.jpg\" class=\"attachment-full size-full wp-image-1510\" alt=\"\" srcset=\"https:\/\/recantoubize.fr\/Wordpress\/wp-content\/uploads\/2024\/11\/Screenshot-2024-11-11-150538.jpg 444w, https:\/\/recantoubize.fr\/Wordpress\/wp-content\/uploads\/2024\/11\/Screenshot-2024-11-11-150538-300x193.jpg 300w\" sizes=\"(max-width: 444px) 100vw, 444px\" \/>\t\t\t\t\t\t\t\t\t\t\t\t\t\t\t<\/div>\n\t\t\t\t<\/div>\n\t\t\t\t\t<\/div>\n\t\t<\/div>\n\t\t\t\t<div class=\"elementor-column elementor-col-50 elementor-top-column elementor-element elementor-element-4471a107\" data-id=\"4471a107\" data-element_type=\"column\" data-e-type=\"column\">\n\t\t\t<div class=\"elementor-widget-wrap elementor-element-populated\">\n\t\t\t\t\t\t<div class=\"elementor-element elementor-element-3d0afd26 elementor-widget elementor-widget-heading\" data-id=\"3d0afd26\" data-element_type=\"widget\" data-e-type=\"widget\" data-widget_type=\"heading.default\">\n\t\t\t\t<div class=\"elementor-widget-container\">\n\t\t\t\t\t<h2 class=\"elementor-heading-title elementor-size-default\">Qui a eu cette id\u00e9e folle, un jour d'inventer la dict\u00e9e ?<\/h2>\t\t\t\t<\/div>\n\t\t\t\t<\/div>\n\t\t\t\t<div class=\"elementor-element elementor-element-6f4d0668 elementor-widget elementor-widget-text-editor\" data-id=\"6f4d0668\" data-element_type=\"widget\" data-e-type=\"widget\" data-widget_type=\"text-editor.default\">\n\t\t\t\t<div class=\"elementor-widget-container\">\n\t\t\t\t\t\t\t\t\t<p>&#8230;&#8230;&#8230; La norme s&rsquo;installant, les premi\u00e8res dict\u00e9es voient le jour. Dans le syst\u00e8me scolaire bien s\u00fbr, qui lui consacre des recueils sp\u00e9cialis\u00e9s, mais aussi dans les beaux salons de la cour de Napol\u00e9on III ! La dict\u00e9e se corse alors de mots compliqu\u00e9s, pour rendre le passe-temps plus savoureux. En 1857, l&rsquo;imp\u00e9ratrice Eug\u00e9nie demande m\u00eame \u00e0 l&rsquo;\u00e9crivain Prosper M\u00e9rim\u00e9e de lui r\u00e9diger un texte sp\u00e9cifique, afin de distraire sa cour. C&rsquo;est la fameuse dict\u00e9e de M\u00e9rim\u00e9e, sur laquelle le chef du gouvernement fran\u00e7ais se cassera les dents : soixante-quinze fautes ! Gu\u00e8re mieux que l&rsquo;imp\u00e9ratrice, qui en aurait commis soixante-deux, contre vingt-quatre pour Alexandre Dumas&#8230;<\/p>\t\t\t\t\t\t\t\t<\/div>\n\t\t\t\t<\/div>\n\t\t\t\t<div class=\"elementor-element elementor-element-4445c67c elementor-widget elementor-widget-text-editor\" data-id=\"4445c67c\" data-element_type=\"widget\" data-e-type=\"widget\" data-widget_type=\"text-editor.default\">\n\t\t\t\t<div class=\"elementor-widget-container\">\n\t\t\t\t\t\t\t\t\t<p>Vous pouvez nous rejoindre au club les premiers mardis du mois de 10h 30 \u00e0 11h 30. A l&rsquo;attention des \u00ab\u00a0petits filous\u00a0\u00bb : il est interdit d&rsquo;utiliser le v\u00e9rificateur orthographique de votre smartphone!<\/p>\t\t\t\t\t\t\t\t<\/div>\n\t\t\t\t<\/div>\n\t\t\t\t<div class=\"elementor-element elementor-element-8197b20 elementor-widget elementor-widget-text-editor\" data-id=\"8197b20\" data-element_type=\"widget\" data-e-type=\"widget\" data-widget_type=\"text-editor.default\">\n\t\t\t\t<div class=\"elementor-widget-container\">\n\t\t\t\t\t\t\t\t\t<p>Responsable Marie-Agn\u00e8s ANNE t\u00e9l : 06 66 00 27 54<\/p>\t\t\t\t\t\t\t\t<\/div>\n\t\t\t\t<\/div>\n\t\t\t\t\t<\/div>\n\t\t<\/div>\n\t\t\t\t\t<\/div>\n\t\t<\/section>\n\t\t\t\t<section class=\"elementor-section elementor-top-section elementor-element elementor-element-25a498e4 elementor-section-boxed elementor-section-height-default elementor-section-height-default wpr-particle-no wpr-jarallax-no wpr-parallax-no wpr-sticky-section-no\" data-id=\"25a498e4\" data-element_type=\"section\" data-e-type=\"section\">\n\t\t\t\t\t\t\t<div class=\"elementor-background-overlay\"><\/div>\n\t\t\t\t\t\t\t<div class=\"elementor-container elementor-column-gap-default\">\n\t\t\t\t\t<div class=\"elementor-column elementor-col-100 elementor-top-column elementor-element elementor-element-67b153d6\" data-id=\"67b153d6\" data-element_type=\"column\" data-e-type=\"column\">\n\t\t\t<div class=\"elementor-widget-wrap elementor-element-populated\">\n\t\t\t\t\t\t<div class=\"elementor-element elementor-element-2737f42a elementor-widget elementor-widget-heading\" data-id=\"2737f42a\" data-element_type=\"widget\" data-e-type=\"widget\" data-widget_type=\"heading.default\">\n\t\t\t\t<div class=\"elementor-widget-container\">\n\t\t\t\t\t<h2 class=\"elementor-heading-title elementor-size-default\">Quelques photos<\/h2>\t\t\t\t<\/div>\n\t\t\t\t<\/div>\n\t\t\t\t<div class=\"elementor-element elementor-element-12e73d7d wpr-grid-columns-3 wpr-grid-columns--laptop3 wpr-grid-columns--tablet2 wpr-grid-columns--mobile1 wpr-grid-pagination-center wpr-item-styles-inner elementor-widget elementor-widget-wpr-grid\" data-id=\"12e73d7d\" data-element_type=\"widget\" data-e-type=\"widget\" data-widget_type=\"wpr-grid.default\">\n\t\t\t\t<div class=\"elementor-widget-container\">\n\t\t\t\t\t<ul class=\"wpr-grid-filters elementor-clearfix wpr-grid-filters-sep-right\"><li class=\" wpr-pointer-none wpr-pointer-line-fx wpr-pointer-fx-none\"><span  data-filter=\"*\" class=\"wpr-grid-filters-item wpr-active-filter \">All Posts<\/span><em class=\"wpr-grid-filters-sep\"><\/em><\/li><ul data-parent=\".category-activites-regulieres\" class=\"wpr-sub-filters\"><li data-role=\"back\" class=\" wpr-pointer-none wpr-pointer-line-fx wpr-pointer-fx-none\"><span class=\"wpr-back-filter\"  data-ajax-filter=[\"category\",\"activites-regulieres\"]  data-filter=\".category-activites-regulieres\"><i class=\"fas fa-long-arrow-alt-left\"><\/i>&nbsp;&nbsp;Back<\/span><\/li><li data-role=\"sub\" class=\" wpr-pointer-none wpr-pointer-line-fx wpr-pointer-fx-none\"><span   data-ajax-filter=[\"category\",\"peinture\"]  data-filter=\".category-peinture\">Peinture<\/span><em class=\"wpr-grid-filters-sep\"><\/em><\/li><li data-role=\"sub\" class=\" wpr-pointer-none wpr-pointer-line-fx wpr-pointer-fx-none\"><span   data-ajax-filter=[\"category\",\"couture\"]  data-filter=\".category-couture\">Couture<\/span><em class=\"wpr-grid-filters-sep\"><\/em><\/li><li data-role=\"sub\" class=\" wpr-pointer-none wpr-pointer-line-fx wpr-pointer-fx-none\"><span   data-ajax-filter=[\"category\",\"chorale\"]  data-filter=\".category-chorale\">Chorale<\/span><em class=\"wpr-grid-filters-sep\"><\/em><\/li><li data-role=\"sub\" class=\" wpr-pointer-none wpr-pointer-line-fx wpr-pointer-fx-none\"><span   data-ajax-filter=[\"category\",\"photo\"]  data-filter=\".category-photo\">Photo<\/span><em class=\"wpr-grid-filters-sep\"><\/em><\/li><li data-role=\"sub\" class=\" wpr-pointer-none wpr-pointer-line-fx wpr-pointer-fx-none\"><span   data-ajax-filter=[\"category\",\"tennis\"]  data-filter=\".category-tennis\">Tennis<\/span><em class=\"wpr-grid-filters-sep\"><\/em><\/li><li data-role=\"sub\" class=\" wpr-pointer-none wpr-pointer-line-fx wpr-pointer-fx-none\"><span   data-ajax-filter=[\"category\",\"tennis-de-table\"]  data-filter=\".category-tennis-de-table\">Tennis de Table<\/span><em class=\"wpr-grid-filters-sep\"><\/em><\/li><li data-role=\"sub\" class=\" wpr-pointer-none wpr-pointer-line-fx wpr-pointer-fx-none\"><span   data-ajax-filter=[\"category\",\"dictee\"]  data-filter=\".category-dictee\">Dict\u00e9e<\/span><em class=\"wpr-grid-filters-sep\"><\/em><\/li><li data-role=\"sub\" class=\" wpr-pointer-none wpr-pointer-line-fx wpr-pointer-fx-none\"><span   data-ajax-filter=[\"category\",\"marche\"]  data-filter=\".category-marche\">Marche<\/span><em class=\"wpr-grid-filters-sep\"><\/em><\/li><li data-role=\"sub\" class=\" wpr-pointer-none wpr-pointer-line-fx wpr-pointer-fx-none\"><span   data-ajax-filter=[\"category\",\"randonnee\"]  data-filter=\".category-randonnee\">Randonn\u00e9e<\/span><em class=\"wpr-grid-filters-sep\"><\/em><\/li><li data-role=\"sub\" class=\" wpr-pointer-none wpr-pointer-line-fx wpr-pointer-fx-none\"><span   data-ajax-filter=[\"category\",\"bizbiz-fleurs\"]  data-filter=\".category-bizbiz-fleurs\">BizBiz Fleurs<\/span><em class=\"wpr-grid-filters-sep\"><\/em><\/li><li data-role=\"sub\" class=\" wpr-pointer-none wpr-pointer-line-fx wpr-pointer-fx-none\"><span   data-ajax-filter=[\"category\",\"scrabble\"]  data-filter=\".category-scrabble\">Scrabble<\/span><em class=\"wpr-grid-filters-sep\"><\/em><\/li><li data-role=\"sub\" class=\" wpr-pointer-none wpr-pointer-line-fx wpr-pointer-fx-none\"><span   data-ajax-filter=[\"category\",\"qi-gong\"]  data-filter=\".category-qi-gong\">Qi gong<\/span><em class=\"wpr-grid-filters-sep\"><\/em><\/li><\/ul><\/ul><section class=\"wpr-grid elementor-clearfix\" data-settings=\"{&quot;layout&quot;:&quot;fitRows&quot;,&quot;stick_last_element_to_bottom&quot;:&quot;&quot;,&quot;columns_desktop&quot;:3,&quot;gutter_hr&quot;:15,&quot;gutter_hr_mobile&quot;:15,&quot;gutter_hr_mobile_extra&quot;:15,&quot;gutter_hr_tablet&quot;:15,&quot;gutter_hr_tablet_extra&quot;:15,&quot;gutter_hr_laptop&quot;:15,&quot;gutter_hr_widescreen&quot;:15,&quot;gutter_vr&quot;:15,&quot;gutter_vr_mobile&quot;:15,&quot;gutter_vr_mobile_extra&quot;:15,&quot;gutter_vr_tablet&quot;:15,&quot;gutter_vr_tablet_extra&quot;:15,&quot;gutter_vr_laptop&quot;:15,&quot;gutter_vr_widescreen&quot;:15,&quot;animation&quot;:&quot;default&quot;,&quot;animation_duration&quot;:0.29999999999999999,&quot;animation_delay&quot;:0.10000000000000001,&quot;deeplinking&quot;:&quot;&quot;,&quot;filters_linkable&quot;:&quot;no&quot;,&quot;filters_default_filter&quot;:&quot;&quot;,&quot;filters_count&quot;:&quot;&quot;,&quot;filters_hide_empty&quot;:&quot;no&quot;,&quot;filters_animation&quot;:&quot;default&quot;,&quot;filters_animation_duration&quot;:0.29999999999999999,&quot;filters_animation_delay&quot;:0.10000000000000001,&quot;pagination_type&quot;:&quot;load-more&quot;,&quot;pagination_max_pages&quot;:1,&quot;lightbox&quot;:{&quot;selector&quot;:&quot;.wpr-grid-image-wrap&quot;,&quot;iframeMaxWidth&quot;:&quot;60%&quot;,&quot;hash&quot;:false,&quot;autoplay&quot;:&quot;true&quot;,&quot;pause&quot;:5000,&quot;progressBar&quot;:&quot;true&quot;,&quot;counter&quot;:&quot;true&quot;,&quot;controls&quot;:&quot;true&quot;,&quot;getCaptionFromTitleOrAlt&quot;:&quot;true&quot;,&quot;thumbnail&quot;:&quot;&quot;,&quot;showThumbByDefault&quot;:&quot;&quot;,&quot;share&quot;:&quot;&quot;,&quot;zoom&quot;:&quot;true&quot;,&quot;fullScreen&quot;:&quot;true&quot;,&quot;download&quot;:&quot;true&quot;}}\" data-advanced-filters=\"no\"><article class=\"wpr-grid-item elementor-clearfix post-1524 post type-post status-publish format-standard has-post-thumbnail hentry category-activites-regulieres category-dictee\"><div class=\"wpr-grid-item-inner\"><div class=\"wpr-grid-media-wrap wpr-effect-size-medium \" data-overlay-link=\"yes\"><div class=\"wpr-grid-image-wrap\" data-src=\"https:\/\/recantoubize.fr\/Wordpress\/wp-content\/uploads\/2024\/11\/dictee2.jpg\" data-img-on-hover=\"\"  data-src-secondary=\"\"><img decoding=\"async\" data-no-lazy=\"1\" src=\"https:\/\/recantoubize.fr\/Wordpress\/wp-content\/uploads\/2024\/11\/dictee2.jpg\" alt=\"Dict\u00e9e Fevrier 2022\" class=\"wpr-anim-timing-ease-default\"><\/div><div class=\"wpr-grid-media-hover wpr-animation-wrap\"><div class=\"wpr-grid-media-hover-bg  wpr-overlay-fade-in wpr-anim-size-large wpr-anim-timing-ease-default wpr-anim-transparency\" data-url=\"https:\/\/recantoubize.fr\/Wordpress\/2024\/11\/11\/dictee-fevrier-2022\/\"><\/div><\/div><\/div><div class=\"wpr-grid-item-below-content elementor-clearfix\"><h2 class=\"wpr-grid-item-title elementor-repeater-item-c746a49 wpr-grid-item-display-block wpr-grid-item-align-left wpr-pointer-none wpr-pointer-line-fx wpr-pointer-fx-fade\"><div class=\"inner-block\"><a target=\"_self\"  href=\"https:\/\/recantoubize.fr\/Wordpress\/2024\/11\/11\/dictee-fevrier-2022\/\">Dict\u00e9e Fevrier 2022<\/a><\/div><\/h2><div class=\"wpr-grid-item-date elementor-repeater-item-ae84827 wpr-grid-item-display-inline wpr-grid-item-align-left\"><div class=\"inner-block\"><span>11 novembre 2024<span class=\"wpr-grid-extra-text-right\">\/<\/span><\/span><\/div><\/div><div class=\"wpr-grid-item-comments elementor-repeater-item-6d6e040 wpr-grid-item-display-inline wpr-grid-item-align-left\"><div class=\"inner-block\"><a href=\"https:\/\/recantoubize.fr\/Wordpress\/2024\/11\/11\/dictee-fevrier-2022\/#respond\"><span>No Comments<\/span><\/a><\/div><\/div><div class=\"wpr-grid-item-excerpt elementor-repeater-item-c7aac80 wpr-grid-item-display-block wpr-grid-item-align-left\"><div class=\"inner-block\"><p>Le renard et la cigogne Un jour, un renard, se sentant d\u2019humeur d\u00e9bonnaire, d\u00e9cida d\u2019inviter sa voisine la cigogne \u00e0...<\/p><\/div><\/div><div class=\"wpr-grid-item-read-more elementor-repeater-item-1643ed7 wpr-grid-item-display-block wpr-grid-item-align-left\"><div class=\"inner-block\"><a target=\"_self\" href=\"https:\/\/recantoubize.fr\/Wordpress\/2024\/11\/11\/dictee-fevrier-2022\/\" class=\"wpr-button-effect wpr-button-none\"><span>Read More<\/span><\/a><\/div><\/div><\/div><\/div><\/article><article class=\"wpr-grid-item elementor-clearfix post-1519 post type-post status-publish format-standard has-post-thumbnail hentry category-activites-regulieres category-dictee\"><div class=\"wpr-grid-item-inner\"><div class=\"wpr-grid-media-wrap wpr-effect-size-medium \" data-overlay-link=\"yes\"><div class=\"wpr-grid-image-wrap\" data-src=\"https:\/\/recantoubize.fr\/Wordpress\/wp-content\/uploads\/2024\/11\/dicteetelethon.jpg\" data-img-on-hover=\"\"  data-src-secondary=\"\"><img decoding=\"async\" data-no-lazy=\"1\" src=\"https:\/\/recantoubize.fr\/Wordpress\/wp-content\/uploads\/2024\/11\/dicteetelethon.jpg\" alt=\"Dictee Decembre 2021\" class=\"wpr-anim-timing-ease-default\"><\/div><div class=\"wpr-grid-media-hover wpr-animation-wrap\"><div class=\"wpr-grid-media-hover-bg  wpr-overlay-fade-in wpr-anim-size-large wpr-anim-timing-ease-default wpr-anim-transparency\" data-url=\"https:\/\/recantoubize.fr\/Wordpress\/2024\/11\/11\/dictee-decembre-2021\/\"><\/div><\/div><\/div><div class=\"wpr-grid-item-below-content elementor-clearfix\"><h2 class=\"wpr-grid-item-title elementor-repeater-item-c746a49 wpr-grid-item-display-block wpr-grid-item-align-left wpr-pointer-none wpr-pointer-line-fx wpr-pointer-fx-fade\"><div class=\"inner-block\"><a target=\"_self\"  href=\"https:\/\/recantoubize.fr\/Wordpress\/2024\/11\/11\/dictee-decembre-2021\/\">Dictee Decembre 2021<\/a><\/div><\/h2><div class=\"wpr-grid-item-date elementor-repeater-item-ae84827 wpr-grid-item-display-inline wpr-grid-item-align-left\"><div class=\"inner-block\"><span>11 novembre 2024<span class=\"wpr-grid-extra-text-right\">\/<\/span><\/span><\/div><\/div><div class=\"wpr-grid-item-comments elementor-repeater-item-6d6e040 wpr-grid-item-display-inline wpr-grid-item-align-left\"><div class=\"inner-block\"><a href=\"https:\/\/recantoubize.fr\/Wordpress\/2024\/11\/11\/dictee-decembre-2021\/#respond\"><span>No Comments<\/span><\/a><\/div><\/div><div class=\"wpr-grid-item-excerpt elementor-repeater-item-c7aac80 wpr-grid-item-display-block wpr-grid-item-align-left\"><div class=\"inner-block\"><p>Une arme redoutable Un petit corsaire de quarante \u00e0 cinquante hommes d\u2019\u00e9quipage, ayant \u00e0 son bord quelques ruches de terre...<\/p><\/div><\/div><div class=\"wpr-grid-item-read-more elementor-repeater-item-1643ed7 wpr-grid-item-display-block wpr-grid-item-align-left\"><div class=\"inner-block\"><a target=\"_self\" href=\"https:\/\/recantoubize.fr\/Wordpress\/2024\/11\/11\/dictee-decembre-2021\/\" class=\"wpr-button-effect wpr-button-none\"><span>Read More<\/span><\/a><\/div><\/div><\/div><\/div><\/article><article class=\"wpr-grid-item elementor-clearfix post-1514 post type-post status-publish format-standard has-post-thumbnail hentry category-activites-regulieres category-dictee\"><div class=\"wpr-grid-item-inner\"><div class=\"wpr-grid-media-wrap wpr-effect-size-medium \" data-overlay-link=\"yes\"><div class=\"wpr-grid-image-wrap\" data-src=\"https:\/\/recantoubize.fr\/Wordpress\/wp-content\/uploads\/2024\/11\/dictee1.jpg\" data-img-on-hover=\"\"  data-src-secondary=\"\"><img decoding=\"async\" data-no-lazy=\"1\" src=\"https:\/\/recantoubize.fr\/Wordpress\/wp-content\/uploads\/2024\/11\/dictee1.jpg\" alt=\"07 Janvier 2020 &#8211; 1ere dict\u00e9e\" class=\"wpr-anim-timing-ease-default\"><\/div><div class=\"wpr-grid-media-hover wpr-animation-wrap\"><div class=\"wpr-grid-media-hover-bg  wpr-overlay-fade-in wpr-anim-size-large wpr-anim-timing-ease-default wpr-anim-transparency\" data-url=\"https:\/\/recantoubize.fr\/Wordpress\/2024\/11\/11\/07-janvier-2020-1ere-dictee\/\"><\/div><\/div><\/div><div class=\"wpr-grid-item-below-content elementor-clearfix\"><h2 class=\"wpr-grid-item-title elementor-repeater-item-c746a49 wpr-grid-item-display-block wpr-grid-item-align-left wpr-pointer-none wpr-pointer-line-fx wpr-pointer-fx-fade\"><div class=\"inner-block\"><a target=\"_self\"  href=\"https:\/\/recantoubize.fr\/Wordpress\/2024\/11\/11\/07-janvier-2020-1ere-dictee\/\">07 Janvier 2020 &#8211; 1ere dict\u00e9e<\/a><\/div><\/h2><div class=\"wpr-grid-item-date elementor-repeater-item-ae84827 wpr-grid-item-display-inline wpr-grid-item-align-left\"><div class=\"inner-block\"><span>11 novembre 2024<span class=\"wpr-grid-extra-text-right\">\/<\/span><\/span><\/div><\/div><div class=\"wpr-grid-item-comments elementor-repeater-item-6d6e040 wpr-grid-item-display-inline wpr-grid-item-align-left\"><div class=\"inner-block\"><a href=\"https:\/\/recantoubize.fr\/Wordpress\/2024\/11\/11\/07-janvier-2020-1ere-dictee\/#respond\"><span>No Comments<\/span><\/a><\/div><\/div><div class=\"wpr-grid-item-excerpt elementor-repeater-item-c7aac80 wpr-grid-item-display-block wpr-grid-item-align-left\"><div class=\"inner-block\"><p>10h30 Une douzaine de participants se pr\u00e9sentent, pour affronter les difficult\u00e9s et pi\u00e8ges de la langue fran\u00e7aise. La plus jeune...<\/p><\/div><\/div><div class=\"wpr-grid-item-read-more elementor-repeater-item-1643ed7 wpr-grid-item-display-block wpr-grid-item-align-left\"><div class=\"inner-block\"><a target=\"_self\" href=\"https:\/\/recantoubize.fr\/Wordpress\/2024\/11\/11\/07-janvier-2020-1ere-dictee\/\" class=\"wpr-button-effect wpr-button-none\"><span>Read More<\/span><\/a><\/div><\/div><\/div><\/div><\/article><\/section>\t\t\t\t<\/div>\n\t\t\t\t<\/div>\n\t\t\t\t<div class=\"elementor-element elementor-element-cc58e5f elementor-widget elementor-widget-spacer\" data-id=\"cc58e5f\" data-element_type=\"widget\" data-e-type=\"widget\" data-widget_type=\"spacer.default\">\n\t\t\t\t<div class=\"elementor-widget-container\">\n\t\t\t\t\t\t\t<div class=\"elementor-spacer\">\n\t\t\t<div class=\"elementor-spacer-inner\"><\/div>\n\t\t<\/div>\n\t\t\t\t\t\t<\/div>\n\t\t\t\t<\/div>\n\t\t\t\t\t<\/div>\n\t\t<\/div>\n\t\t\t\t\t<\/div>\n\t\t<\/section>\n\t\t\t\t<\/div>\n\t\t","protected":false},"excerpt":{"rendered":"<p>Dict\u00e9e L&rsquo;orthographe est invent\u00e9e par l&rsquo;Acad\u00e9mie au XVIIe si\u00e8cle mais il faut attendre 200 ans pour que les premi\u00e8res dict\u00e9es voient le jour&#8230; \u00e0 l&rsquo;\u00e9cole ou \u00e0 la cour de Napol\u00e9on III&#8230;&#8230;&#8230;. Qui a eu cette id\u00e9e folle, un jour d&rsquo;inventer la dict\u00e9e ? &#8230;&#8230;&#8230; La norme s&rsquo;installant, les premi\u00e8res dict\u00e9es voient le jour. Dans le syst\u00e8me scolaire bien s\u00fbr, qui lui consacre des recueils sp\u00e9cialis\u00e9s, mais aussi dans les beaux salons de la cour de Napol\u00e9on III ! La dict\u00e9e se corse alors de mots compliqu\u00e9s, pour rendre le passe-temps plus savoureux. En 1857, l&rsquo;imp\u00e9ratrice Eug\u00e9nie demande m\u00eame \u00e0 l&rsquo;\u00e9crivain Prosper M\u00e9rim\u00e9e de lui r\u00e9diger un texte sp\u00e9cifique, afin de distraire sa cour. C&rsquo;est la fameuse dict\u00e9e de M\u00e9rim\u00e9e, sur laquelle le chef du gouvernement fran\u00e7ais se cassera les dents : soixante-quinze fautes ! Gu\u00e8re mieux que l&rsquo;imp\u00e9ratrice, qui en aurait commis soixante-deux, contre vingt-quatre pour Alexandre Dumas&#8230; Vous pouvez nous rejoindre au club les premiers mardis du mois de 10h 30 \u00e0 11h 30. A l&rsquo;attention des \u00ab\u00a0petits filous\u00a0\u00bb : il est interdit d&rsquo;utiliser le v\u00e9rificateur orthographique de votre smartphone! Responsable Marie-Agn\u00e8s ANNE t\u00e9l : 06 66 00 27 54 Quelques photos All Posts &nbsp;&nbsp;Back Peinture Couture Chorale Photo Tennis Tennis de Table Dict\u00e9e Marche Randonn\u00e9e BizBiz Fleurs Dict\u00e9e Fevrier 2022 11 novembre 2024\/No Comments Le renard et la cigogne Un jour, un renard, se sentant d\u2019humeur d\u00e9bonnaire, d\u00e9cida d\u2019inviter sa voisine la cigogne \u00e0\u2026 Read More Dictee Decembre 2021 11 novembre 2024\/No Comments Une arme redoutable Un petit corsaire de quarante \u00e0 cinquante hommes d\u2019\u00e9quipage, ayant \u00e0 son bord quelques ruches de terre\u2026 Read More 07 Janvier 2020 &#8211; 1ere dict\u00e9e 11 novembre 2024\/No Comments 10h30 Une douzaine de participants se pr\u00e9sentent, pour affronter les difficult\u00e9s et pi\u00e8ges de la langue fran\u00e7aise. La plus jeune\u2026 Read More<\/p>\n","protected":false},"author":2,"featured_media":0,"parent":0,"menu_order":0,"comment_status":"closed","ping_status":"closed","template":"elementor_canvas","meta":{"_uag_custom_page_level_css":"","footnotes":""},"class_list":["post-1507","page","type-page","status-publish","hentry"],"uagb_featured_image_src":{"full":false,"thumbnail":false,"medium":false,"medium_large":false,"large":false,"1536x1536":false,"2048x2048":false},"uagb_author_info":{"display_name":"Olivier De Winne","author_link":"https:\/\/recantoubize.fr\/Wordpress\/author\/olivier\/"},"uagb_comment_info":0,"uagb_excerpt":"Dict\u00e9e L&rsquo;orthographe est invent\u00e9e par l&rsquo;Acad\u00e9mie au XVIIe si\u00e8cle mais il faut attendre 200 ans pour que les premi\u00e8res dict\u00e9es voient le jour&#8230; \u00e0 l&rsquo;\u00e9cole ou \u00e0 la cour de Napol\u00e9on III&#8230;&#8230;&#8230;. Qui a eu cette id\u00e9e folle, un jour d&rsquo;inventer la dict\u00e9e ? &#8230;&#8230;&#8230; La norme s&rsquo;installant, les premi\u00e8res dict\u00e9es voient le jour. Dans\u2026","_links":{"self":[{"href":"https:\/\/recantoubize.fr\/Wordpress\/wp-json\/wp\/v2\/pages\/1507","targetHints":{"allow":["GET"]}}],"collection":[{"href":"https:\/\/recantoubize.fr\/Wordpress\/wp-json\/wp\/v2\/pages"}],"about":[{"href":"https:\/\/recantoubize.fr\/Wordpress\/wp-json\/wp\/v2\/types\/page"}],"author":[{"embeddable":true,"href":"https:\/\/recantoubize.fr\/Wordpress\/wp-json\/wp\/v2\/users\/2"}],"replies":[{"embeddable":true,"href":"https:\/\/recantoubize.fr\/Wordpress\/wp-json\/wp\/v2\/comments?post=1507"}],"version-history":[{"count":7,"href":"https:\/\/recantoubize.fr\/Wordpress\/wp-json\/wp\/v2\/pages\/1507\/revisions"}],"predecessor-version":[{"id":1533,"href":"https:\/\/recantoubize.fr\/Wordpress\/wp-json\/wp\/v2\/pages\/1507\/revisions\/1533"}],"wp:attachment":[{"href":"https:\/\/recantoubize.fr\/Wordpress\/wp-json\/wp\/v2\/media?parent=1507"}],"curies":[{"name":"wp","href":"https:\/\/api.w.org\/{rel}","templated":true}]}}